{"id":4440,"date":"2022-02-21T15:21:12","date_gmt":"2022-02-21T14:21:12","guid":{"rendered":"http:\/\/41.249.251.2:8004\/?post_type=product&#038;p=4440"},"modified":"2023-04-07T13:24:28","modified_gmt":"2023-04-07T12:24:28","slug":"sonde-de-mesure-de-lec","status":"publish","type":"product","link":"https:\/\/greentelemesure.com\/index.php\/produit\/sonde-de-mesure-de-lec\/","title":{"rendered":"EC M\u00c8TRE DU SOL"},"content":{"rendered":"<ul>\n<li>La compensation automatique de la temp\u00e9rature garantit des lectures pr\u00e9cises dans des environnements vari\u00e9s<\/li>\n<li>Interface facile \u00e0 naviguer pour une configuration et un \u00e9talonnage rapides<\/li>\n<li>La pointe de capteur jumel\u00e9e brevet\u00e9e offre un contact maximal avec le capteur de sol et une plus grande pr\u00e9cision<\/li>\n<li>Affiche simultan\u00e9ment les relev\u00e9s de param\u00e8tres et de temp\u00e9rature<\/li>\n<li>L&rsquo;\u00e9cran offre des indicateurs de dur\u00e9e de vie de la batterie, de disponibilit\u00e9 et d&rsquo;\u00e9talonnage<\/li>\n<li>Fonctionnement simple avec bouton MENU, \u00e9talonnage \u00e0 1 bouton et bouton HOLD pour geler les lectures pour prendre des notes<\/li>\n<li>Pas besoin de pr\u00e9parer des \u00e9chantillons &#8211; \u00e9chantillonnez simplement \u00e0 travers le profil<\/li>\n<li>\u00c9chantillonnez directement dans des plateaux enfichables, des pots, des conteneurs, des solutions ou des sols moulus<\/li>\n<li>Interface intuitive avec messages d&rsquo;erreur d&rsquo;autodiagnostic<\/li>\n<li>Reconna\u00eet automatiquement la solution pour l&rsquo;\u00e9talonnage<\/li>\n<li>Le r\u00e9tro\u00e9clairage augmente la lisibilit\u00e9 de l&rsquo;\u00e9cran LCD dans des conditions de faible luminosit\u00e9<\/li>\n<li>Longue dur\u00e9e et imperm\u00e9able<\/li>\n<li>Les articles 2266FS et 2266FSTP comprennent une mallette de transport, des piles et un \u00e9talon d&rsquo;\u00e9talonnage EC de 1,41 mS\/cm (250 ml)<\/li>\n<\/ul>\n","protected":false},"excerpt":{"rendered":"<p>EC-M\u00c8TRE DU SOL FIELDSCOUT &#8211; Mesure directe de la Conductivit\u00e9 Electrique dans les sols.<\/p>\n","protected":false},"featured_media":5118,"comment_status":"closed","ping_status":"closed","template":"","meta":[],"product_cat":[61],"product_tag":[],"_links":{"self":[{"href":"https:\/\/greentelemesure.com\/index.php\/wp-json\/wp\/v3\/product\/4440"}],"collection":[{"href":"https:\/\/greentelemesure.com\/index.php\/wp-json\/wp\/v3\/product"}],"about":[{"href":"https:\/\/greentelemesure.com\/index.php\/wp-json\/wp\/v2\/types\/product"}],"replies":[{"embeddable":true,"href":"https:\/\/greentelemesure.com\/index.php\/wp-json\/wp\/v2\/comments?post=4440"}],"wp:featuredmedia":[{"embeddable":true,"href":"https:\/\/greentelemesure.com\/index.php\/wp-json\/wp\/v2\/media\/5118"}],"wp:attachment":[{"href":"https:\/\/greentelemesure.com\/index.php\/wp-json\/wp\/v2\/media?parent=4440"}],"wp:term":[{"taxonomy":"product_cat","embeddable":true,"href":"https:\/\/greentelemesure.com\/index.php\/wp-json\/wp\/v2\/product_cat?post=4440"},{"taxonomy":"product_tag","embeddable":true,"href":"https:\/\/greentelemesure.com\/index.php\/wp-json\/wp\/v2\/product_tag?post=4440"}],"curies":[{"name":"wp","href":"https:\/\/api.w.org\/{rel}","templated":true}]}}