{"id":4677,"date":"2022-03-28T11:10:16","date_gmt":"2022-03-28T10:10:16","guid":{"rendered":"http:\/\/41.249.251.2:8004\/?post_type=product&#038;p=4677"},"modified":"2023-04-07T13:24:47","modified_gmt":"2023-04-07T12:24:47","slug":"sonde-de-lhumidite-du-sol-sm1","status":"publish","type":"product","link":"https:\/\/greentelemesure.com\/index.php\/produit\/sonde-de-lhumidite-du-sol-sm1\/","title":{"rendered":"sonde de l&rsquo;humidit\u00e9 du sol SM1"},"content":{"rendered":"<p><span>Le capteur d&rsquo;humidit\u00e9 du sol SM1 est une sonde capacitive peu co\u00fbteuse qui mesure l&rsquo;humidit\u00e9 du sol dans tous les types de sols dans une large gamme de profondeurs, de 30 cm \u00e0 150 cm.\u00a0Tous les mod\u00e8les sont livr\u00e9s avec un capteur tous les 10 cm.<\/span><\/p>\n<p><span>Le capteur d&rsquo;humidit\u00e9 du sol SM1 a une consommation d&rsquo;\u00e9nergie exceptionnellement faible qui permet de connecter plusieurs capteurs \u00e0 une RTU.\u00a0Il a une plus grande sph\u00e8re d&rsquo;influence que la plupart des sondes, s&rsquo;\u00e9tendant au-del\u00e0 d&rsquo;un rayon de 10 cm autour du tube d&rsquo;acc\u00e8s.<\/span><\/p>\n<p><span>Le tube d&rsquo;acc\u00e8s a un diam\u00e8tre de seulement 32 mm (1,25&Prime;), ce qui permet une installation rapide et facile.\u00a0Une sonde SM1 jusqu&rsquo;\u00e0 une longueur de 60 cm peut normalement \u00eatre install\u00e9e en poussant le tube d&rsquo;acc\u00e8s dans un trou sous-dimensionn\u00e9.\u00a0Au-del\u00e0 de cette longueur, une installation en lisier est recommand\u00e9e.<\/span><\/p>\n<p><span>Le capteur d&rsquo;humidit\u00e9 du sol est compos\u00e9 de deux cartes de capteurs, qui mesurent soit 30 cm de long avec 3 capteurs, soit 50 cm de long avec 5 capteurs.\u00a0Chaque carte de capteur a un capteur de temp\u00e9rature situ\u00e9 au centre.\u00a0Par cons\u00e9quent, chaque sonde est livr\u00e9e avec jusqu&rsquo;\u00e0 3 capteurs de temp\u00e9rature du sol.<\/span><\/p>\n<p><span>L&rsquo;interface SDI-12 le rend compatible avec une large gamme d&rsquo;enregistreurs de donn\u00e9es.\u00a0La sonde n\u00e9cessite une tension comprise entre 5,5V et 12V DC pour l&rsquo;alimenter.<\/span><\/p>\n","protected":false},"excerpt":{"rendered":"<p>la sonde de l&rsquo;humidit\u00e9 du sol\u00a0 est un syst\u00e8me extr\u00eamement flexible offrant des mesures capacitives de l&rsquo;humidit\u00e9 du sol et de la surveillance de la temp\u00e9rature .<\/p>\n","protected":false},"featured_media":5123,"comment_status":"closed","ping_status":"closed","template":"","meta":[],"product_cat":[66],"product_tag":[],"_links":{"self":[{"href":"https:\/\/greentelemesure.com\/index.php\/wp-json\/wp\/v3\/product\/4677"}],"collection":[{"href":"https:\/\/greentelemesure.com\/index.php\/wp-json\/wp\/v3\/product"}],"about":[{"href":"https:\/\/greentelemesure.com\/index.php\/wp-json\/wp\/v2\/types\/product"}],"replies":[{"embeddable":true,"href":"https:\/\/greentelemesure.com\/index.php\/wp-json\/wp\/v2\/comments?post=4677"}],"wp:featuredmedia":[{"embeddable":true,"href":"https:\/\/greentelemesure.com\/index.php\/wp-json\/wp\/v2\/media\/5123"}],"wp:attachment":[{"href":"https:\/\/greentelemesure.com\/index.php\/wp-json\/wp\/v2\/media?parent=4677"}],"wp:term":[{"taxonomy":"product_cat","embeddable":true,"href":"https:\/\/greentelemesure.com\/index.php\/wp-json\/wp\/v2\/product_cat?post=4677"},{"taxonomy":"product_tag","embeddable":true,"href":"https:\/\/greentelemesure.com\/index.php\/wp-json\/wp\/v2\/product_tag?post=4677"}],"curies":[{"name":"wp","href":"https:\/\/api.w.org\/{rel}","templated":true}]}}