{"id":4685,"date":"2022-03-28T16:24:03","date_gmt":"2022-03-28T15:24:03","guid":{"rendered":"http:\/\/41.249.251.2:8004\/?post_type=product&#038;p=4685"},"modified":"2023-04-07T13:24:51","modified_gmt":"2023-04-07T12:24:51","slug":"datalogger-watchdog-serie-a","status":"publish","type":"product","link":"https:\/\/greentelemesure.com\/index.php\/produit\/datalogger-watchdog-serie-a\/","title":{"rendered":"Datalogger WatchDog s\u00e9rie A"},"content":{"rendered":"<p>Les enregistreurs WatchDog A-Series sont le moyen le plus abordable de suivre les conditions environnementales \u00e0 des fins d&rsquo;analyse.\u00a0Que vos besoins soient des alertes de maladies des plantes ou la surveillance de l&rsquo;humidit\u00e9 du sol, les enregistreurs de donn\u00e9es de la s\u00e9rie A fourniront les informations dont vous avez besoin pour des donn\u00e9es pr\u00e9cises et opportunes qui se traduiront par des b\u00e9n\u00e9fices accrus.\u00a0Les capuchons souples amovibles gardent les ports \u00e0 l&rsquo;abri des d\u00e9bris et le cintre coulissant facilite la fixation.\u00a0SpecWare 9 (Pro ou Basic) et le c\u00e2ble de connexion PC s\u00e9rie A sont requis.\u00a0Le bouclier anti-rayonnement est \u00e9galement recommand\u00e9.<\/p>\n<p>\u00c9cran LCD exclusif &#8211; Un \u00e9cran LCD confirme le fonctionnement de l&rsquo;enregistreur et fournit les lectures actuelles du capteur.\u00a0Visualisez vos donn\u00e9es m\u00e9t\u00e9o \u2013 sans les t\u00e9l\u00e9charger sur un PC.<\/p>\n<p>Enregistreur de donn\u00e9es int\u00e9gr\u00e9 &#8211; Les enregistreurs de la s\u00e9rie A ont une capacit\u00e9 d&rsquo;enregistrement allant jusqu&rsquo;\u00e0 8 000 mesures (4 000 par canal en utilisant les deux canaux) ;\u00a0S\u00e9lectionnez des intervalles de mesure de 1 \u00e0 120 minutes.\u00a0Un intervalle de 30 minutes enregistrera pendant 111 jours avant que la m\u00e9moire de la station ne soit pleine.\u00a0Les donn\u00e9es sont stock\u00e9es dans une m\u00e9moire EEPROM \u00e0 s\u00e9curit\u00e9 int\u00e9gr\u00e9e.<\/p>\n<p>Aliment\u00e9 par batterie &#8211; L&rsquo;\u00e9lectronique de pointe \u00e0 faible consommation d&rsquo;\u00e9nergie est prise en charge par une source d&rsquo;alimentation par batterie de 12 mois (CR2 inclus).\u00a0Pas de panneaux solaires \u00e0 acheter et \u00e0 entretenir.<\/p>\n<p>R\u00e9sistant aux intemp\u00e9ries &#8211; Les enregistreurs A150 et A110 sont dans un bo\u00eetier IP65, les enregistreurs A125 et A130 sont dans un bo\u00eetier IP54.<\/p>\n","protected":false},"excerpt":{"rendered":"<ul>\n<li>Mesurer la temp\u00e9rature, l&rsquo;humidit\u00e9 et l&rsquo;humidit\u00e9 des feuilles (les mod\u00e8les peuvent varier)<\/li>\n<li>L&rsquo;\u00e9cran LCD confirme le fonctionnement de l&rsquo;enregistreur et affiche les lectures actuelles du capteur<\/li>\n<li>S\u00e9lectionnez des intervalles de mesure de 1 \u00e0 120 minutes<\/li>\n<li>Enregistrez 4 000 \u00e0 8 000 intervalles dans la m\u00e9moire de donn\u00e9es EEPROM \u00e0 s\u00e9curit\u00e9 int\u00e9gr\u00e9e<\/li>\n<li>Bo\u00eetier r\u00e9sistant \u00e0 l&rsquo;eau<\/li>\n<li>Les capuchons souples amovibles gardent les ports \u00e0 l&rsquo;abri des d\u00e9bris<\/li>\n<li>Comprend CR2, autonomie de 12 mois<\/li>\n<li>SpecWare 9 (v9.1 ou ult\u00e9rieure) et le c\u00e2ble de connexion PC s\u00e9rie A sont requis.<\/li>\n<\/ul>\n","protected":false},"featured_media":5124,"comment_status":"closed","ping_status":"closed","template":"","meta":[],"product_cat":[64],"product_tag":[],"_links":{"self":[{"href":"https:\/\/greentelemesure.com\/index.php\/wp-json\/wp\/v3\/product\/4685"}],"collection":[{"href":"https:\/\/greentelemesure.com\/index.php\/wp-json\/wp\/v3\/product"}],"about":[{"href":"https:\/\/greentelemesure.com\/index.php\/wp-json\/wp\/v2\/types\/product"}],"replies":[{"embeddable":true,"href":"https:\/\/greentelemesure.com\/index.php\/wp-json\/wp\/v2\/comments?post=4685"}],"wp:featuredmedia":[{"embeddable":true,"href":"https:\/\/greentelemesure.com\/index.php\/wp-json\/wp\/v2\/media\/5124"}],"wp:attachment":[{"href":"https:\/\/greentelemesure.com\/index.php\/wp-json\/wp\/v2\/media?parent=4685"}],"wp:term":[{"taxonomy":"product_cat","embeddable":true,"href":"https:\/\/greentelemesure.com\/index.php\/wp-json\/wp\/v2\/product_cat?post=4685"},{"taxonomy":"product_tag","embeddable":true,"href":"https:\/\/greentelemesure.com\/index.php\/wp-json\/wp\/v2\/product_tag?post=4685"}],"curies":[{"name":"wp","href":"https:\/\/api.w.org\/{rel}","templated":true}]}}