{"id":4727,"date":"2022-06-03T09:19:46","date_gmt":"2022-06-03T08:19:46","guid":{"rendered":"http:\/\/41.249.251.2:8004\/?post_type=product&#038;p=4727"},"modified":"2023-04-07T13:24:56","modified_gmt":"2023-04-07T12:24:56","slug":"incubateur-a-temperature-constante-vertical-bjpx-hii","status":"publish","type":"product","link":"https:\/\/greentelemesure.com\/index.php\/produit\/incubateur-a-temperature-constante-vertical-bjpx-hii\/","title":{"rendered":"Incubateur \u00e0 temp\u00e9rature constante"},"content":{"rendered":"<p><span class=\"Y2IQFc\" lang=\"fr\"><span class=\"Y2IQFc\" lang=\"fr\">L&rsquo;incubateur est dot\u00e9 d&rsquo;un contr\u00f4leur de temp\u00e9rature intelligent bas\u00e9 sur un microprocesseur avec des fonctions de contr\u00f4le des param\u00e8tres PID <\/span><\/span><span class=\"Y2IQFc\" lang=\"fr\">et un \u00e9cran LCD, ce qui rend la temp\u00e9rature pr\u00e9cise et fiable.<\/span><\/p>\n<p><span class=\"Y2IQFc\" lang=\"fr\">Une double porte r\u00e9duit la fluctuation de temp\u00e9rature. La porte int\u00e9rieure en verre tremp\u00e9 est pratique pour observer les <\/span><span class=\"Y2IQFc\" lang=\"fr\">conditions de la chambre sans affecter la temp\u00e9rature \u00e0 l&rsquo;int\u00e9rieur. <\/span><\/p>\n<p><span class=\"Y2IQFc\" lang=\"fr\">La chambre\u00a0 adopte une structure en acier inoxydable 302 et \u00e0 angles ronds, permettant un nettoyage facile en toute s\u00e9curit\u00e9.<\/span><\/p>\n<p>&nbsp;<\/p>\n<h3 class=\"tw-data-text tw-text-large tw-ta\" dir=\"ltr\" data-placeholder=\"Traduction\"><strong><span class=\"Y2IQFc\" lang=\"fr\">Fonctions de s\u00e9curit\u00e9 :\u00a0<\/span><\/strong><\/h3>\n<ul>\n<li><span class=\"Y2IQFc\" lang=\"fr\"> Protection contre la surchauffe, alarme de dysfonctionnement du capteur de temp\u00e9rature.\u00a0<\/span><\/li>\n<li><span class=\"Y2IQFc\" lang=\"fr\"> Les param\u00e8tres peuvent \u00eatre enregistr\u00e9s automatiquement lors de la mise hors tension ou d&rsquo;une erreur syst\u00e8me.<\/span><\/li>\n<\/ul>\n","protected":false},"excerpt":{"rendered":"<ul>\n<li><span class=\"Y2IQFc\" lang=\"fr\">Contr\u00f4leur de temp\u00e9rature de micro-ordinateur;<\/span><\/li>\n<li><span class=\"Y2IQFc\" lang=\"fr\">Affichage LCD;<\/span><\/li>\n<li><span class=\"Y2IQFc\" lang=\"fr\"> Conception \u00e0 double porte et \u00e9tanch\u00e9it\u00e9 magn\u00e9tique de la porte; <\/span><\/li>\n<li><span class=\"Y2IQFc\" lang=\"fr\">Roulettes \u00e9quip\u00e9es pour un d\u00e9place<\/span><span class=\"Y2IQFc\" lang=\"fr\">ment facile; <\/span><\/li>\n<li><span class=\"Y2IQFc\" lang=\"fr\">La chambre de travail adopte une structure \u00e0 angle rond, facile \u00e0 nettoyer. <\/span><\/li>\n<\/ul>\n","protected":false},"featured_media":5125,"comment_status":"closed","ping_status":"closed","template":"","meta":[],"product_cat":[76],"product_tag":[],"_links":{"self":[{"href":"https:\/\/greentelemesure.com\/index.php\/wp-json\/wp\/v3\/product\/4727"}],"collection":[{"href":"https:\/\/greentelemesure.com\/index.php\/wp-json\/wp\/v3\/product"}],"about":[{"href":"https:\/\/greentelemesure.com\/index.php\/wp-json\/wp\/v2\/types\/product"}],"replies":[{"embeddable":true,"href":"https:\/\/greentelemesure.com\/index.php\/wp-json\/wp\/v2\/comments?post=4727"}],"wp:featuredmedia":[{"embeddable":true,"href":"https:\/\/greentelemesure.com\/index.php\/wp-json\/wp\/v2\/media\/5125"}],"wp:attachment":[{"href":"https:\/\/greentelemesure.com\/index.php\/wp-json\/wp\/v2\/media?parent=4727"}],"wp:term":[{"taxonomy":"product_cat","embeddable":true,"href":"https:\/\/greentelemesure.com\/index.php\/wp-json\/wp\/v2\/product_cat?post=4727"},{"taxonomy":"product_tag","embeddable":true,"href":"https:\/\/greentelemesure.com\/index.php\/wp-json\/wp\/v2\/product_tag?post=4727"}],"curies":[{"name":"wp","href":"https:\/\/api.w.org\/{rel}","templated":true}]}}