{"id":4735,"date":"2022-06-03T10:21:41","date_gmt":"2022-06-03T09:21:41","guid":{"rendered":"http:\/\/41.249.251.2:8004\/?post_type=product&#038;p=4735"},"modified":"2023-04-07T13:25:06","modified_gmt":"2023-04-07T12:25:06","slug":"incubateur-a-eclairage-bjpx-lii","status":"publish","type":"product","link":"https:\/\/greentelemesure.com\/index.php\/produit\/incubateur-a-eclairage-bjpx-lii\/","title":{"rendered":"Incubateur \u00e0 \u00e9clairage"},"content":{"rendered":"<div id=\"tw-target-text-container\" class=\"tw-ta-container F0azHf tw-nfl\">\n<h3 dir=\"ltr\" data-placeholder=\"Traduction\"><strong>Caract\u00e9ristiques:<\/strong><\/h3>\n<ul>\n<li id=\"tw-target-text\" class=\"tw-data-text tw-text-large tw-ta\" dir=\"ltr\" data-placeholder=\"Traduction\"><span class=\"Y2IQFc\" lang=\"fr\">Contr\u00f4le PID par microprocesseur, pr\u00e9cis et stable;<\/span><\/li>\n<li class=\"tw-data-text tw-text-large tw-ta\" dir=\"ltr\" data-placeholder=\"Traduction\"><span class=\"Y2IQFc\" lang=\"fr\"> Joint de porte magn\u00e9tique;<\/span><\/li>\n<li class=\"tw-data-text tw-text-large tw-ta\" dir=\"ltr\" data-placeholder=\"Traduction\"><span class=\"Y2IQFc\" lang=\"fr\"> Affichage LED\/ \u00e9cran LCD ;<\/span><\/li>\n<li class=\"tw-data-text tw-text-large tw-ta\" dir=\"ltr\" data-placeholder=\"Traduction\"><span class=\"Y2IQFc\" lang=\"fr\"> R\u00e9frig\u00e9rant sans CFC, \u00e9cologique et tr\u00e8s efficace; <\/span><\/li>\n<li id=\"tw-target-text\" class=\"tw-data-text tw-text-large tw-ta\" dir=\"ltr\" data-placeholder=\"Traduction\"><span class=\"Y2IQFc\" lang=\"fr\">\u00a0Verres sp\u00e9ciaux \u00e0 trois c\u00f4t\u00e9s assurent une bonne capacit\u00e9 d&rsquo;isolation thermique et l&rsquo;intensit\u00e9 lumineuse souhait\u00e9e.<\/span><\/li>\n<\/ul>\n<h3 class=\"tw-data-text tw-text-large tw-ta\" dir=\"ltr\" data-placeholder=\"Traduction\"><strong><span class=\"Y2IQFc\" lang=\"fr\">Fonctions de s\u00e9curit\u00e9 :\u00a0<\/span><\/strong><\/h3>\n<ul>\n<li class=\"tw-data-text tw-text-large tw-ta\" dir=\"ltr\" data-placeholder=\"Traduction\"><span class=\"Y2IQFc\" lang=\"fr\"> Protection contre la surchauffe;<\/span><\/li>\n<li class=\"tw-data-text tw-text-large tw-ta\" dir=\"ltr\" data-placeholder=\"Traduction\"><span class=\"Y2IQFc\" lang=\"fr\"> Capteur de temp\u00e9rature pour protection contre les circuits ouverts ou les courts-circuit; <\/span><\/li>\n<li class=\"tw-data-text tw-text-large tw-ta\" dir=\"ltr\" data-placeholder=\"Traduction\"><span class=\"Y2IQFc\" lang=\"fr\">Enregistrement automatique\u00a0 des param\u00e8tres lors de la mise hors tension ou d&rsquo;une erreur syst\u00e8me;<\/span><\/li>\n<li id=\"tw-target-text\" class=\"tw-data-text tw-text-large tw-ta\" dir=\"ltr\" data-placeholder=\"Traduction\"><span class=\"Y2IQFc\" lang=\"fr\">Protection d&rsquo;arr\u00eat automatique et alarme en cas de situations anormales.<\/span><\/li>\n<\/ul>\n<\/div>\n","protected":false},"excerpt":{"rendered":"<ul>\n<li>Incubateur \u00e0 c<span class=\"Y2IQFc\" lang=\"fr\">ontr\u00f4le PID par un microprocesseur pr\u00e9cis et stable; <\/span><\/li>\n<li><span class=\"Y2IQFc\" lang=\"fr\">bonne capacit\u00e9 d&rsquo;isolation thermique et parfaite intensit\u00e9 lumineuse;<\/span><\/li>\n<li>Foncions d&rsquo;arr\u00eat automatique, alarme, et enregistrement automatique des param\u00e8tres.<\/li>\n<\/ul>\n","protected":false},"featured_media":5127,"comment_status":"closed","ping_status":"closed","template":"","meta":[],"product_cat":[76],"product_tag":[],"_links":{"self":[{"href":"https:\/\/greentelemesure.com\/index.php\/wp-json\/wp\/v3\/product\/4735"}],"collection":[{"href":"https:\/\/greentelemesure.com\/index.php\/wp-json\/wp\/v3\/product"}],"about":[{"href":"https:\/\/greentelemesure.com\/index.php\/wp-json\/wp\/v2\/types\/product"}],"replies":[{"embeddable":true,"href":"https:\/\/greentelemesure.com\/index.php\/wp-json\/wp\/v2\/comments?post=4735"}],"wp:featuredmedia":[{"embeddable":true,"href":"https:\/\/greentelemesure.com\/index.php\/wp-json\/wp\/v2\/media\/5127"}],"wp:attachment":[{"href":"https:\/\/greentelemesure.com\/index.php\/wp-json\/wp\/v2\/media?parent=4735"}],"wp:term":[{"taxonomy":"product_cat","embeddable":true,"href":"https:\/\/greentelemesure.com\/index.php\/wp-json\/wp\/v2\/product_cat?post=4735"},{"taxonomy":"product_tag","embeddable":true,"href":"https:\/\/greentelemesure.com\/index.php\/wp-json\/wp\/v2\/product_tag?post=4735"}],"curies":[{"name":"wp","href":"https:\/\/api.w.org\/{rel}","templated":true}]}}