{"id":4739,"date":"2022-06-03T11:18:08","date_gmt":"2022-06-03T10:18:08","guid":{"rendered":"http:\/\/41.249.251.2:8004\/?post_type=product&#038;p=4739"},"modified":"2023-04-07T13:25:12","modified_gmt":"2023-04-07T12:25:12","slug":"incubateur-climatique-bjpx-aii","status":"publish","type":"product","link":"https:\/\/greentelemesure.com\/index.php\/produit\/incubateur-climatique-bjpx-aii\/","title":{"rendered":"Incubateur climatique"},"content":{"rendered":"<h3 id=\"tw-target-text\" class=\"tw-data-text tw-text-large tw-ta\" dir=\"ltr\" data-placeholder=\"Traduction\"><span class=\"Y2IQFc\" lang=\"fr\"><strong>Caract\u00e9ristiques<\/strong><br \/>\n<\/span><\/h3>\n<ul>\n<li><span class=\"Y2IQFc\" lang=\"fr\">Contr\u00f4le PID par microprocesseur, pr\u00e9cis et stable;<\/span><\/li>\n<li><span class=\"Y2IQFc\" lang=\"fr\"> Joint de porte magn\u00e9tique;<\/span><\/li>\n<li><span class=\"Y2IQFc\" lang=\"fr\"> Affichage LED \/ \u00e9cran LCD<br \/>\n<\/span><\/li>\n<li><span class=\"Y2IQFc\" lang=\"fr\"> R\u00e9frig\u00e9rant sans CFC, \u00e9cologique et tr\u00e8s efficace; <\/span><\/li>\n<li><span class=\"Y2IQFc\" lang=\"fr\">D\u00e9givrage automatique sans influence sur la temp\u00e9rature int\u00e9rieure.<\/span><\/li>\n<\/ul>\n<h3><span class=\"Y2IQFc\" lang=\"fr\"><strong>Fonctions de s\u00e9curit\u00e9:<\/strong> <\/span><\/h3>\n<ul>\n<li class=\"tw-data-text tw-text-large tw-ta\" dir=\"ltr\" data-placeholder=\"Traduction\"><span class=\"Y2IQFc\" lang=\"fr\">Protection contre la surchauffe; <\/span><\/li>\n<li class=\"tw-data-text tw-text-large tw-ta\" dir=\"ltr\" data-placeholder=\"Traduction\"><span class=\"Y2IQFc\" lang=\"fr\">Capteur de temp\u00e9rature pour protection contre les circuits ouverts ou les courts-circuits;<\/span><\/li>\n<li class=\"tw-data-text tw-text-large tw-ta\" dir=\"ltr\" data-placeholder=\"Traduction\"><span class=\"Y2IQFc\" lang=\"fr\"> Les param\u00e8tres peuvent \u00eatre enregistr\u00e9s automatiquement lors de la mise hors tension ou d&rsquo;une erreur syst\u00e8me. <\/span><\/li>\n<\/ul>\n<h3 class=\"tw-data-text tw-text-large tw-ta\" dir=\"ltr\" data-placeholder=\"Traduction\"><strong><span class=\"Y2IQFc\" lang=\"fr\">Accessoires optionnels: <\/span><\/strong><\/h3>\n<p class=\"tw-data-text tw-text-large tw-ta\" dir=\"ltr\" data-placeholder=\"Traduction\"><span class=\"Y2IQFc\" lang=\"fr\">Imprimante<br \/>\n<\/span><\/p>\n<h3 class=\"tw-data-text tw-text-large tw-ta\" dir=\"ltr\" data-placeholder=\"Traduction\"><strong><span class=\"Y2IQFc\" lang=\"fr\">Remarque<\/span><\/strong><\/h3>\n<p class=\"tw-data-text tw-text-large tw-ta\" dir=\"ltr\" data-placeholder=\"Traduction\"><span class=\"Y2IQFc\" lang=\"fr\">Ne continuez pas \u00e0 r\u00e9gler la temp\u00e9rature en dessous de 20\u00b0C pendant plus de 160h.<\/span><\/p>\n","protected":false},"excerpt":{"rendered":"<ul>\n<li id=\"tw-target-text\" class=\"tw-data-text tw-text-large tw-ta\" dir=\"ltr\" data-placeholder=\"Traduction\"><span class=\"Y2IQFc\" lang=\"fr\">Contr\u00f4le PID par microprocesseur, pr\u00e9cis et stable; <\/span><\/li>\n<li class=\"tw-data-text tw-text-large tw-ta\" dir=\"ltr\" data-placeholder=\"Traduction\"><span class=\"Y2IQFc\" lang=\"fr\">\u00c9tanch\u00e9it\u00e9 de porte magn\u00e9tique; <\/span><\/li>\n<li class=\"tw-data-text tw-text-large tw-ta\" dir=\"ltr\" data-placeholder=\"Traduction\"><span class=\"Y2IQFc\" lang=\"fr\">R\u00e9frig\u00e9rant sans CFC, \u00e9cologique et tr\u00e8s efficace; <\/span><\/li>\n<li class=\"tw-data-text tw-text-large tw-ta\" dir=\"ltr\" data-placeholder=\"Traduction\"><span class=\"Y2IQFc\" lang=\"fr\">D\u00e9givrage automatique sans influence sur la temp\u00e9rature int\u00e9rieure.<\/span><\/li>\n<\/ul>\n","protected":false},"featured_media":5128,"comment_status":"closed","ping_status":"closed","template":"","meta":[],"product_cat":[76],"product_tag":[],"_links":{"self":[{"href":"https:\/\/greentelemesure.com\/index.php\/wp-json\/wp\/v3\/product\/4739"}],"collection":[{"href":"https:\/\/greentelemesure.com\/index.php\/wp-json\/wp\/v3\/product"}],"about":[{"href":"https:\/\/greentelemesure.com\/index.php\/wp-json\/wp\/v2\/types\/product"}],"replies":[{"embeddable":true,"href":"https:\/\/greentelemesure.com\/index.php\/wp-json\/wp\/v2\/comments?post=4739"}],"wp:featuredmedia":[{"embeddable":true,"href":"https:\/\/greentelemesure.com\/index.php\/wp-json\/wp\/v2\/media\/5128"}],"wp:attachment":[{"href":"https:\/\/greentelemesure.com\/index.php\/wp-json\/wp\/v2\/media?parent=4739"}],"wp:term":[{"taxonomy":"product_cat","embeddable":true,"href":"https:\/\/greentelemesure.com\/index.php\/wp-json\/wp\/v2\/product_cat?post=4739"},{"taxonomy":"product_tag","embeddable":true,"href":"https:\/\/greentelemesure.com\/index.php\/wp-json\/wp\/v2\/product_tag?post=4739"}],"curies":[{"name":"wp","href":"https:\/\/api.w.org\/{rel}","templated":true}]}}