{"id":4742,"date":"2022-06-03T11:39:11","date_gmt":"2022-06-03T10:39:11","guid":{"rendered":"http:\/\/41.249.251.2:8004\/?post_type=product&#038;p=4742"},"modified":"2023-04-07T13:25:17","modified_gmt":"2023-04-07T12:25:17","slug":"incubateur-de-moule-bjpx-mn","status":"publish","type":"product","link":"https:\/\/greentelemesure.com\/index.php\/produit\/incubateur-de-moule-bjpx-mn\/","title":{"rendered":"Incubateur de moisissures"},"content":{"rendered":"<div id=\"tw-target-text-container\" class=\"tw-ta-container F0azHf tw-nfl\">\n<h3 id=\"tw-target-text\" class=\"tw-data-text tw-text-large tw-ta\" dir=\"ltr\" data-placeholder=\"Traduction\"><strong><span class=\"Y2IQFc\" lang=\"fr\">Caract\u00e9ristiques:<br \/>\n<\/span><\/strong><\/h3>\n<ul>\n<li>Large gamme de capacit\u00e9s: de 80L \u00e0 300L<\/li>\n<li class=\"tw-data-text tw-text-large tw-ta\" dir=\"ltr\" data-placeholder=\"Traduction\"><span class=\"Y2IQFc\" lang=\"fr\"> Affichage LCD;<\/span><\/li>\n<li class=\"tw-data-text tw-text-large tw-ta\" dir=\"ltr\" data-placeholder=\"Traduction\"><span class=\"Y2IQFc\" lang=\"fr\"> La r\u00e9frig\u00e9ration adopte une nouvelle conception sans fluor pour assurer une protection \u00e9cologique et environnementale;<\/span><\/li>\n<li class=\"tw-data-text tw-text-large tw-ta\" dir=\"ltr\" data-placeholder=\"Traduction\"><span class=\"Y2IQFc\" lang=\"fr\"> Avec la fonction de m\u00e9moire de param\u00e8tre, l&rsquo;appel reprendra automatiquement l&rsquo;op\u00e9ration; <\/span><\/li>\n<li class=\"tw-data-text tw-text-large tw-ta\" dir=\"ltr\" data-placeholder=\"Traduction\"><span class=\"Y2IQFc\" lang=\"fr\">La bo\u00eete int\u00e9rieure est con\u00e7ue avec une structure en arc de cercle, facile \u00e0 nettoyer;<br \/>\n<\/span><\/li>\n<li class=\"tw-data-text tw-text-large tw-ta\" dir=\"ltr\" data-placeholder=\"Traduction\"><span class=\"Y2IQFc\" lang=\"fr\">\u00c9tag\u00e8res mobiles extractibles avec espacement r\u00e9glable; <\/span><\/li>\n<li class=\"tw-data-text tw-text-large tw-ta\" dir=\"ltr\" data-placeholder=\"Traduction\"><span class=\"Y2IQFc\" lang=\"fr\">La bo\u00eete int\u00e9rieure est \u00e9quip\u00e9e d&rsquo;un ventilateur pour former une micro circulation d&rsquo;air afin d&rsquo;am\u00e9liorer l&rsquo;uniformit\u00e9 de la temp\u00e9rature dans la bo\u00eete;<br \/>\n<\/span><\/li>\n<li class=\"tw-data-text tw-text-large tw-ta\" dir=\"ltr\" data-placeholder=\"Traduction\"><span class=\"Y2IQFc\" lang=\"fr\"> Mat\u00e9riau de la bo\u00eete ext\u00e9rieure : t\u00f4le d&rsquo;acier lamin\u00e9e \u00e0 froid pulv\u00e9ris\u00e9e sur la surface ,Mat\u00e9riau interne : plaque en acier inoxydable SUS304.<\/span><\/li>\n<\/ul>\n<\/div>\n<div id=\"tw-target-rmn-container\" class=\"tw-target-rmn tw-ta-container F0azHf tw-nfl\">\n<p id=\"tw-target-rmn\" class=\"tw-data-placeholder tw-text-small tw-ta\" dir=\"ltr\">\n<\/div>\n","protected":false},"excerpt":{"rendered":"<p id=\"tw-target-text\" class=\"tw-data-text tw-text-large tw-ta\" dir=\"ltr\" data-placeholder=\"Traduction\"><span class=\"Y2IQFc\" lang=\"fr\">Cette s\u00e9rie de mod\u00e8les d&rsquo;incubateurs\u00a0 est largement utilis\u00e9e dans les applications m\u00e9dicales et bio-pharmaceutiques pour la pr\u00e9vention et l&rsquo;inspection des \u00e9pid\u00e9mies , la recherche sur l&rsquo;\u00e9levage, la protection de l&rsquo;environnement, la recherche scientifique agricole et plein d&rsquo;autres domaines.<\/span><\/p>\n","protected":false},"featured_media":5129,"comment_status":"closed","ping_status":"closed","template":"","meta":[],"product_cat":[76],"product_tag":[],"_links":{"self":[{"href":"https:\/\/greentelemesure.com\/index.php\/wp-json\/wp\/v3\/product\/4742"}],"collection":[{"href":"https:\/\/greentelemesure.com\/index.php\/wp-json\/wp\/v3\/product"}],"about":[{"href":"https:\/\/greentelemesure.com\/index.php\/wp-json\/wp\/v2\/types\/product"}],"replies":[{"embeddable":true,"href":"https:\/\/greentelemesure.com\/index.php\/wp-json\/wp\/v2\/comments?post=4742"}],"wp:featuredmedia":[{"embeddable":true,"href":"https:\/\/greentelemesure.com\/index.php\/wp-json\/wp\/v2\/media\/5129"}],"wp:attachment":[{"href":"https:\/\/greentelemesure.com\/index.php\/wp-json\/wp\/v2\/media?parent=4742"}],"wp:term":[{"taxonomy":"product_cat","embeddable":true,"href":"https:\/\/greentelemesure.com\/index.php\/wp-json\/wp\/v2\/product_cat?post=4742"},{"taxonomy":"product_tag","embeddable":true,"href":"https:\/\/greentelemesure.com\/index.php\/wp-json\/wp\/v2\/product_tag?post=4742"}],"curies":[{"name":"wp","href":"https:\/\/api.w.org\/{rel}","templated":true}]}}