{"id":4754,"date":"2022-06-03T12:07:56","date_gmt":"2022-06-03T11:07:56","guid":{"rendered":"http:\/\/41.249.251.2:8004\/?post_type=product&#038;p=4754"},"modified":"2023-04-07T13:25:23","modified_gmt":"2023-04-07T12:25:23","slug":"incubateur-a-temperature-et-humidite-constantes-bjpx-htbii","status":"publish","type":"product","link":"https:\/\/greentelemesure.com\/index.php\/produit\/incubateur-a-temperature-et-humidite-constantes-bjpx-htbii\/","title":{"rendered":"Incubateur \u00e0 temp\u00e9rature et humidit\u00e9 constantes"},"content":{"rendered":"<h3 dir=\"ltr\" data-placeholder=\"Traduction\"><strong>Caract\u00e9ristiques:<\/strong><\/h3>\n<ul>\n<li id=\"tw-target-text\" class=\"tw-data-text tw-text-large tw-ta\" dir=\"ltr\" data-placeholder=\"Traduction\"><span class=\"Y2IQFc\" lang=\"fr\">Conception de r\u00e9frig\u00e9ration sans CFC, protectrice de l&rsquo;environnement; <\/span><\/li>\n<li class=\"tw-data-text tw-text-large tw-ta\" dir=\"ltr\" data-placeholder=\"Traduction\"><span class=\"Y2IQFc\" lang=\"fr\">Fonction de m\u00e9moire des param\u00e8tres lors de mise hors tension; <\/span><\/li>\n<li dir=\"ltr\" data-placeholder=\"Traduction\"><span class=\"Y2IQFc\" lang=\"fr\">\u00c9quip\u00e9 d&rsquo;une fonction de d\u00e9sinfection UV;<\/span><\/li>\n<li class=\"tw-data-text tw-text-large tw-ta\" dir=\"ltr\" data-placeholder=\"Traduction\"><span class=\"Y2IQFc\" lang=\"fr\"> Chambre \u00e0 conception avec angles en arc permet un nettoyage facile ;<br \/>\n<\/span><\/li>\n<li class=\"tw-data-text tw-text-large tw-ta\" dir=\"ltr\" data-placeholder=\"Traduction\"><span class=\"Y2IQFc\" lang=\"fr\"> \u00c9tag\u00e8res mobiles extractibles avec espacement r\u00e9glable;<\/span><\/li>\n<li class=\"tw-data-text tw-text-large tw-ta\" dir=\"ltr\" data-placeholder=\"Traduction\"><span class=\"Y2IQFc\" lang=\"fr\"> \u00c9quip\u00e9 de roulettes, le rendant facile \u00e0 d\u00e9placer; <\/span><\/li>\n<li class=\"tw-data-text tw-text-large tw-ta\" dir=\"ltr\" data-placeholder=\"Traduction\"><span class=\"Y2IQFc\" lang=\"fr\">Le ventilateur g\u00e9n\u00e8re une micro circulation d&rsquo;air pour am\u00e9liorer l&rsquo;uniformit\u00e9 de la temp\u00e9rature;<\/span><\/li>\n<li class=\"tw-data-text tw-text-large tw-ta\" dir=\"ltr\" data-placeholder=\"Traduction\"><span class=\"Y2IQFc\" lang=\"fr\"> Mat\u00e9riau de la coque : t\u00f4le d&rsquo;acier pulv\u00e9ris\u00e9e lamin\u00e9e \u00e0 froid ; Mat\u00e9riau interne : acier inoxydable SUS304. <\/span><span class=\"Y2IQFc\" lang=\"fr\"><br \/>\n<\/span><\/li>\n<\/ul>\n<h3 class=\"tw-data-text tw-text-large tw-ta\" dir=\"ltr\" data-placeholder=\"Traduction\"><strong><span class=\"Y2IQFc\" lang=\"fr\"> Accessoires optionnels:<\/span><\/strong><\/h3>\n<ul>\n<li class=\"tw-data-text tw-text-large tw-ta\" dir=\"ltr\" data-placeholder=\"Traduction\"><span class=\"Y2IQFc\" lang=\"fr\"> Micro imprimante,\u00a0 pour\u00a0 imprimer des donn\u00e9es de temp\u00e9rature <\/span><\/li>\n<li class=\"tw-data-text tw-text-large tw-ta\" dir=\"ltr\" data-placeholder=\"Traduction\"><span class=\"Y2IQFc\" lang=\"fr\"> Interface USB, pour l&rsquo;exportation des donn\u00e9es de temp\u00e9rature<\/span><\/li>\n<\/ul>\n","protected":false},"excerpt":{"rendered":"<div id=\"tw-target-text-container\" class=\"tw-ta-container F0azHf tw-nfl\">\n<p id=\"tw-target-text\" class=\"tw-data-text tw-text-large tw-ta\" dir=\"ltr\" data-placeholder=\"Traduction\"><span class=\"Y2IQFc\" lang=\"fr\">Dispose d&rsquo;un syst\u00e8me de contr\u00f4le pr\u00e9cis de la temp\u00e9rature et de l&rsquo;humidit\u00e9. Il fournit de diverses conditions de simulation environnementale requises pour la recherche industrielle et les essais biotechnologiques. Par cons\u00e9quent, il peut \u00eatre largement utilis\u00e9 dans les tests st\u00e9riles et les inspections de stabilit\u00e9 pour les produits pharmaceutiques, les textiles et la transformation des aliments. Ainsi que des tests sur les propri\u00e9t\u00e9s des mati\u00e8res premi\u00e8res, l&#8217;emballage des produits et la dur\u00e9e de vie des produits industriels.<\/span><\/p>\n<\/div>\n","protected":false},"featured_media":5130,"comment_status":"closed","ping_status":"closed","template":"","meta":[],"product_cat":[76],"product_tag":[],"_links":{"self":[{"href":"https:\/\/greentelemesure.com\/index.php\/wp-json\/wp\/v3\/product\/4754"}],"collection":[{"href":"https:\/\/greentelemesure.com\/index.php\/wp-json\/wp\/v3\/product"}],"about":[{"href":"https:\/\/greentelemesure.com\/index.php\/wp-json\/wp\/v2\/types\/product"}],"replies":[{"embeddable":true,"href":"https:\/\/greentelemesure.com\/index.php\/wp-json\/wp\/v2\/comments?post=4754"}],"wp:featuredmedia":[{"embeddable":true,"href":"https:\/\/greentelemesure.com\/index.php\/wp-json\/wp\/v2\/media\/5130"}],"wp:attachment":[{"href":"https:\/\/greentelemesure.com\/index.php\/wp-json\/wp\/v2\/media?parent=4754"}],"wp:term":[{"taxonomy":"product_cat","embeddable":true,"href":"https:\/\/greentelemesure.com\/index.php\/wp-json\/wp\/v2\/product_cat?post=4754"},{"taxonomy":"product_tag","embeddable":true,"href":"https:\/\/greentelemesure.com\/index.php\/wp-json\/wp\/v2\/product_tag?post=4754"}],"curies":[{"name":"wp","href":"https:\/\/api.w.org\/{rel}","templated":true}]}}