{"id":4759,"date":"2022-06-03T15:39:28","date_gmt":"2022-06-03T14:39:28","guid":{"rendered":"http:\/\/41.249.251.2:8004\/?post_type=product&#038;p=4759"},"modified":"2023-04-07T13:25:34","modified_gmt":"2023-04-07T12:25:34","slug":"chambre-dessai-de-stabilite-de-medecine-bjpx-msa","status":"publish","type":"product","link":"https:\/\/greentelemesure.com\/index.php\/produit\/chambre-dessai-de-stabilite-de-medecine-bjpx-msa\/","title":{"rendered":"Chambre d&rsquo;essai de stabilit\u00e9 des m\u00e9dicaments"},"content":{"rendered":"<ul>\n<li id=\"tw-target-text\" class=\"tw-data-text tw-text-large tw-ta\" dir=\"ltr\" data-placeholder=\"Traduction\"><span class=\"Y2IQFc\" lang=\"fr\">Contr\u00f4le PID pr\u00e9cis et fiable de la temp\u00e9rature et de l&rsquo;humidit\u00e9;<\/span><\/li>\n<li class=\"tw-data-text tw-text-large tw-ta\" dir=\"ltr\" data-placeholder=\"Traduction\"><span class=\"Y2IQFc\" lang=\"fr\">Ventilateur int\u00e9gr\u00e9 pour promouvoir\u00a0 la circulation de l&rsquo;air et am\u00e9liorer l&rsquo;uniformit\u00e9 de la temp\u00e9rature \u00e0 l&rsquo;int\u00e9rieur de l&rsquo;armoir.;<\/span><\/li>\n<li class=\"tw-data-text tw-text-large tw-ta\" dir=\"ltr\" data-placeholder=\"Traduction\"><span class=\"Y2IQFc\" lang=\"fr\"> R\u00e9servoir d&rsquo;eau int\u00e9gr\u00e9 et interface de r\u00e9approvisionnement automatique en eau, il d\u00e9connecte automatiquement l&rsquo;alimentation en chauffage lorsqu&rsquo;il n&rsquo;y a pas d&rsquo;eau d&rsquo;humidification;<\/span><span class=\"Y2IQFc\" lang=\"fr\"><br \/>\n<\/span><\/li>\n<li class=\"tw-data-text tw-text-large tw-ta\" dir=\"ltr\" data-placeholder=\"Traduction\"><span class=\"Y2IQFc\" lang=\"fr\"> 50 programmes pour l&rsquo;application pharmaceutique; <\/span><\/li>\n<li class=\"tw-data-text tw-text-large tw-ta\" dir=\"ltr\" data-placeholder=\"Traduction\"><span class=\"Y2IQFc\" lang=\"fr\">Fonction d&rsquo;exportation USB des donn\u00e9es historiques de 600 jours; <\/span><\/li>\n<li class=\"tw-data-text tw-text-large tw-ta\" dir=\"ltr\" data-placeholder=\"Traduction\"><span class=\"Y2IQFc\" lang=\"fr\">En option : imprimante, dispositif externe de protection thermique.<\/span><\/li>\n<\/ul>\n","protected":false},"excerpt":{"rendered":"<p id=\"tw-target-text\" class=\"tw-data-text tw-text-large tw-ta\" dir=\"ltr\" data-placeholder=\"Traduction\"><span class=\"Y2IQFc\" lang=\"fr\">Cet \u00e9quipement est particuli\u00e8rement utilis\u00e9 dans l&rsquo;industrie pharmaceutique, il fournit un environnement stable \u00e0 long terme, de temp\u00e9rature, d&rsquo;humidit\u00e9 et d&rsquo;\u00e9clairage pour l&rsquo;\u00e9valuation de l&rsquo;invalidation des m\u00e9dicaments. Il est appliqu\u00e9 dans le test d&rsquo;acc\u00e9l\u00e9ration, le test de croissance, le test d&rsquo;humidit\u00e9 \u00e9lev\u00e9e et le test d&rsquo;\u00e9clairement \u00e9lev\u00e9.<\/span><\/p>\n<p dir=\"ltr\" data-placeholder=\"Traduction\">\n","protected":false},"featured_media":5132,"comment_status":"closed","ping_status":"closed","template":"","meta":[],"product_cat":[76],"product_tag":[],"_links":{"self":[{"href":"https:\/\/greentelemesure.com\/index.php\/wp-json\/wp\/v3\/product\/4759"}],"collection":[{"href":"https:\/\/greentelemesure.com\/index.php\/wp-json\/wp\/v3\/product"}],"about":[{"href":"https:\/\/greentelemesure.com\/index.php\/wp-json\/wp\/v2\/types\/product"}],"replies":[{"embeddable":true,"href":"https:\/\/greentelemesure.com\/index.php\/wp-json\/wp\/v2\/comments?post=4759"}],"wp:featuredmedia":[{"embeddable":true,"href":"https:\/\/greentelemesure.com\/index.php\/wp-json\/wp\/v2\/media\/5132"}],"wp:attachment":[{"href":"https:\/\/greentelemesure.com\/index.php\/wp-json\/wp\/v2\/media?parent=4759"}],"wp:term":[{"taxonomy":"product_cat","embeddable":true,"href":"https:\/\/greentelemesure.com\/index.php\/wp-json\/wp\/v2\/product_cat?post=4759"},{"taxonomy":"product_tag","embeddable":true,"href":"https:\/\/greentelemesure.com\/index.php\/wp-json\/wp\/v2\/product_tag?post=4759"}],"curies":[{"name":"wp","href":"https:\/\/api.w.org\/{rel}","templated":true}]}}