{"id":4762,"date":"2022-06-03T15:51:01","date_gmt":"2022-06-03T14:51:01","guid":{"rendered":"http:\/\/41.249.251.2:8004\/?post_type=product&#038;p=4762"},"modified":"2023-04-07T13:25:40","modified_gmt":"2023-04-07T12:25:40","slug":"four-de-sechage-a-air-force-bov-vf","status":"publish","type":"product","link":"https:\/\/greentelemesure.com\/index.php\/produit\/four-de-sechage-a-air-force-bov-vf\/","title":{"rendered":"\u00c9tuve \u00e0 air forc\u00e9"},"content":{"rendered":"<div id=\"tw-target-text-container\" class=\"tw-ta-container F0azHf tw-nfl\">\n<p id=\"tw-target-text\" class=\"tw-data-text tw-text-large tw-ta\" dir=\"ltr\" data-placeholder=\"Traduction\"><span class=\"Y2IQFc\" lang=\"fr\">R\u00e9gulateur de temp\u00e9rature intelligent \u00e0 microprocesseur PID. <\/span><\/p>\n<p class=\"tw-data-text tw-text-large tw-ta\" dir=\"ltr\" data-placeholder=\"Traduction\"><span class=\"Y2IQFc\" lang=\"fr\">Mat\u00e9riau ext\u00e9rieur : acier lamin\u00e9 \u00e0 froid avec rev\u00eatement en poudre antibact\u00e9rien. <\/span><\/p>\n<p class=\"tw-data-text tw-text-large tw-ta\" dir=\"ltr\" data-placeholder=\"Traduction\"><span class=\"Y2IQFc\" lang=\"fr\">Chambre int\u00e9rieure en acier inoxydable, structure \u00e0 angle rond, \u00e9tag\u00e8res r\u00e9glables.<\/span><\/p>\n<p class=\"tw-data-text tw-text-large tw-ta\" dir=\"ltr\" data-placeholder=\"Traduction\"><span class=\"Y2IQFc\" lang=\"fr\">Fen\u00eatre d&rsquo;observation en verre \u00e0 double couche, fermeture \u00e0 boucle herm\u00e9tique r\u00e9glable.<br \/>\n<\/span><\/p>\n<p class=\"tw-data-text tw-text-large tw-ta\" dir=\"ltr\" data-placeholder=\"Traduction\"><span class=\"Y2IQFc\" lang=\"fr\">Protection contre la surchauffe. <\/span><\/p>\n<p class=\"tw-data-text tw-text-large tw-ta\" dir=\"ltr\" data-placeholder=\"Traduction\"><span class=\"Y2IQFc\" lang=\"fr\">Protecteur de temp\u00e9rature ind\u00e9pendant (optionnel).<\/span><\/p>\n<\/div>\n","protected":false},"excerpt":{"rendered":"<p><span class=\"Y2IQFc\" lang=\"fr\">R\u00e9gulation pr\u00e9cise de temp\u00e9rature par processeur PID,\u00a0 conception\u00a0 en acier lamin\u00e9 \u00e0 froid avec rev\u00eatement en poudre antibact\u00e9rien et protection contre la surchauffe.<br \/>\n<\/span><\/p>\n<p>&nbsp;<\/p>\n","protected":false},"featured_media":5133,"comment_status":"closed","ping_status":"closed","template":"","meta":[],"product_cat":[76],"product_tag":[],"_links":{"self":[{"href":"https:\/\/greentelemesure.com\/index.php\/wp-json\/wp\/v3\/product\/4762"}],"collection":[{"href":"https:\/\/greentelemesure.com\/index.php\/wp-json\/wp\/v3\/product"}],"about":[{"href":"https:\/\/greentelemesure.com\/index.php\/wp-json\/wp\/v2\/types\/product"}],"replies":[{"embeddable":true,"href":"https:\/\/greentelemesure.com\/index.php\/wp-json\/wp\/v2\/comments?post=4762"}],"wp:featuredmedia":[{"embeddable":true,"href":"https:\/\/greentelemesure.com\/index.php\/wp-json\/wp\/v2\/media\/5133"}],"wp:attachment":[{"href":"https:\/\/greentelemesure.com\/index.php\/wp-json\/wp\/v2\/media?parent=4762"}],"wp:term":[{"taxonomy":"product_cat","embeddable":true,"href":"https:\/\/greentelemesure.com\/index.php\/wp-json\/wp\/v2\/product_cat?post=4762"},{"taxonomy":"product_tag","embeddable":true,"href":"https:\/\/greentelemesure.com\/index.php\/wp-json\/wp\/v2\/product_tag?post=4762"}],"curies":[{"name":"wp","href":"https:\/\/api.w.org\/{rel}","templated":true}]}}