{"id":4771,"date":"2022-06-03T17:37:53","date_gmt":"2022-06-03T16:37:53","guid":{"rendered":"http:\/\/41.249.251.2:8004\/?post_type=product&#038;p=4771"},"modified":"2023-04-07T13:25:49","modified_gmt":"2023-04-07T12:25:49","slug":"autoclave-de-table-classe-b-serie-de-grande-capacite","status":"publish","type":"product","link":"https:\/\/greentelemesure.com\/index.php\/produit\/autoclave-de-table-classe-b-serie-de-grande-capacite\/","title":{"rendered":"Autoclave de table &#8211; S\u00e9rie de Grande capacit\u00e9"},"content":{"rendered":"<ul>\n<li class=\"tw-data-text tw-text-large tw-ta\" dir=\"ltr\" data-placeholder=\"Traduction\"><span class=\"Y2IQFc\" lang=\"fr\">Toute nouvelle interface de fonctionnement L&rsquo;\u00e9cran tactile LCD peut afficher la temp\u00e9rature, la pression, l&rsquo;heure, l&rsquo;\u00e9tat de fonctionnement, les informations d&rsquo;erreur et d&rsquo;alarme;<\/span><\/li>\n<li class=\"tw-data-text tw-text-large tw-ta\" dir=\"ltr\" data-placeholder=\"Traduction\"><span class=\"Y2IQFc\" lang=\"fr\">Diff\u00e9rents changements de couleurs \u00e0 chaque \u00e9tape de la st\u00e9rilisation,\u00a0 pratique pour les utilisateurs d&rsquo;observer l&rsquo;\u00e9tat de fonctionnement du st\u00e9rilisateur.<\/span><\/li>\n<li class=\"tw-data-text tw-text-large tw-ta\" dir=\"ltr\" data-placeholder=\"Traduction\"><span class=\"Y2IQFc\" lang=\"fr\">Alarme de d\u00e9faut affiche non seulement le code de d\u00e9faut, mais affiche \u00e9galement automatiquement l&rsquo;analyse de la raison et la solution.<\/span><\/li>\n<\/ul>\n<h3><span class=\"Y2IQFc\" lang=\"fr\"><strong>Dispositifs de protection et de s\u00e9curit\u00e9: <\/strong> <\/span><\/h3>\n<ul>\n<li class=\"tw-data-text tw-text-large tw-ta\" dir=\"ltr\" data-placeholder=\"Traduction\"><span class=\"Y2IQFc\" lang=\"fr\">Dispositif de protection automatique contre la surchauffe,<\/span><\/li>\n<li class=\"tw-data-text tw-text-large tw-ta\" dir=\"ltr\" data-placeholder=\"Traduction\"><span class=\"Y2IQFc\" lang=\"fr\"> Contr\u00f4le multiple et protection de l&rsquo;\u00e9vaporateur, protection de verrouillage de s\u00e9curit\u00e9 de la porte, double dispositif de protection contre la surpression, etc. <\/span><\/li>\n<li class=\"tw-data-text tw-text-large tw-ta\" dir=\"ltr\" data-placeholder=\"Traduction\"><span class=\"Y2IQFc\" lang=\"fr\">Capteur de temp\u00e9rature mobile La sonde de temp\u00e9rature mobile peut d\u00e9tecter directement la temp\u00e9rature interne du liquide pour assurer l&rsquo;effet de st\u00e9rilisation du liquide. <\/span><\/li>\n<li class=\"tw-data-text tw-text-large tw-ta\" dir=\"ltr\" data-placeholder=\"Traduction\"><span class=\"Y2IQFc\" lang=\"fr\">Structure de porte automatique Le st\u00e9rilisateur adopte une structure de porte automatique, qui est rapide et pratique \u00e0 utiliser, prot\u00e8ge efficacement le corps humain et emp\u00eache les br\u00fblures.<\/span><\/li>\n<\/ul>\n<p>&nbsp;<\/p>\n<div id=\"tw-target-text-container\" class=\"tw-ta-container F0azHf tw-nfl\">\n<h3 id=\"tw-target-text\" class=\"tw-data-text tw-text-large tw-ta\" dir=\"ltr\" data-placeholder=\"Traduction\"><span class=\"Y2IQFc\" lang=\"fr\"><strong>Autres caract\u00e9ristique: <\/strong> <\/span><\/h3>\n<ul>\n<li class=\"tw-data-text tw-text-large tw-ta\" dir=\"ltr\" data-placeholder=\"Traduction\"><span class=\"Y2IQFc\" lang=\"fr\">Chauffage, st\u00e9rilisation, \u00e9vacuation et s\u00e9chage totalement automatiques. <\/span><\/li>\n<li class=\"tw-data-text tw-text-large tw-ta\" dir=\"ltr\" data-placeholder=\"Traduction\"><span class=\"Y2IQFc\" lang=\"fr\">La chambre est chauff\u00e9e par un r\u00e9chauffeur de film, ce qui permet d&rsquo;\u00e9conomiser de l&rsquo;\u00e9nergie et du temps. <\/span><\/li>\n<li class=\"tw-data-text tw-text-large tw-ta\" dir=\"ltr\" data-placeholder=\"Traduction\"><span class=\"Y2IQFc\" lang=\"fr\">Filtre \u00e0 air haute efficacit\u00e9 de 0,22 \u03bcm, pour \u00e9viter la recontamination des mat\u00e9riaux st\u00e9rilis\u00e9s avec une efficacit\u00e9 de filtration sup\u00e9rieure \u00e0 99,5 %. <\/span><\/li>\n<li class=\"tw-data-text tw-text-large tw-ta\" dir=\"ltr\" data-placeholder=\"Traduction\"><span class=\"Y2IQFc\" lang=\"fr\">Le filtre \u00e0 eau dans le r\u00e9servoir et la chambre est rapide \u00e0 d\u00e9monter et facile \u00e0 nettoyer. <\/span><\/li>\n<li class=\"tw-data-text tw-text-large tw-ta\" dir=\"ltr\" data-placeholder=\"Traduction\"><span class=\"Y2IQFc\" lang=\"fr\">R\u00e9servoir d&rsquo;eau en acier inoxydable int\u00e9gr\u00e9, cycle int\u00e9rieur de vapeur et d&rsquo;eau. <\/span><\/li>\n<li class=\"tw-data-text tw-text-large tw-ta\" dir=\"ltr\" data-placeholder=\"Traduction\"><span class=\"Y2IQFc\" lang=\"fr\">Imprimante int\u00e9gr\u00e9e standard. <\/span><\/li>\n<li class=\"tw-data-text tw-text-large tw-ta\" dir=\"ltr\" data-placeholder=\"Traduction\"><span class=\"Y2IQFc\" lang=\"fr\">Port USB standard.<\/span><\/li>\n<\/ul>\n<\/div>\n","protected":false},"excerpt":{"rendered":"<div id=\"tw-target-text-container\" class=\"tw-ta-container F0azHf tw-nfl\">\n<p id=\"tw-target-text\" class=\"tw-data-text tw-text-large tw-ta\" dir=\"ltr\" data-placeholder=\"Traduction\"><span class=\"Y2IQFc\" lang=\"fr\">St\u00e9rilisateur \u00e0 vapeur sous pression pour \u00e9quipement m\u00e9dical, st\u00e9rilisation par hygrom\u00e8tre et autres mat\u00e9riels de sant\u00e9.<\/span><span class=\"Y2IQFc\" lang=\"fr\"> Il utilise la vapeur comme moyen de st\u00e9rilisation qui est rapide, s\u00fbr et \u00e9conomique. <\/span><\/p>\n<p dir=\"ltr\" data-placeholder=\"Traduction\"><span class=\"Y2IQFc\" lang=\"fr\">Ils sont couramment utilis\u00e9s dans les \u00e9tablissements de soins m\u00e9dicaux ou les \u00e9tablissements de R&amp;D pour effectuer la st\u00e9rilisation d&rsquo;instruments emball\u00e9s ou non emball\u00e9s, de tissus, d&rsquo;ustensiles, de milieux de culture, de liquides non scell\u00e9s, etc.<br \/>\n<\/span><\/p>\n<\/div>\n<p dir=\"ltr\" data-placeholder=\"Traduction\">\n","protected":false},"featured_media":5135,"comment_status":"closed","ping_status":"closed","template":"","meta":[],"product_cat":[76],"product_tag":[],"_links":{"self":[{"href":"https:\/\/greentelemesure.com\/index.php\/wp-json\/wp\/v3\/product\/4771"}],"collection":[{"href":"https:\/\/greentelemesure.com\/index.php\/wp-json\/wp\/v3\/product"}],"about":[{"href":"https:\/\/greentelemesure.com\/index.php\/wp-json\/wp\/v2\/types\/product"}],"replies":[{"embeddable":true,"href":"https:\/\/greentelemesure.com\/index.php\/wp-json\/wp\/v2\/comments?post=4771"}],"wp:featuredmedia":[{"embeddable":true,"href":"https:\/\/greentelemesure.com\/index.php\/wp-json\/wp\/v2\/media\/5135"}],"wp:attachment":[{"href":"https:\/\/greentelemesure.com\/index.php\/wp-json\/wp\/v2\/media?parent=4771"}],"wp:term":[{"taxonomy":"product_cat","embeddable":true,"href":"https:\/\/greentelemesure.com\/index.php\/wp-json\/wp\/v2\/product_cat?post=4771"},{"taxonomy":"product_tag","embeddable":true,"href":"https:\/\/greentelemesure.com\/index.php\/wp-json\/wp\/v2\/product_tag?post=4771"}],"curies":[{"name":"wp","href":"https:\/\/api.w.org\/{rel}","templated":true}]}}