{"id":4782,"date":"2022-06-04T09:52:29","date_gmt":"2022-06-04T08:52:29","guid":{"rendered":"http:\/\/41.249.251.2:8004\/?post_type=product&#038;p=4782"},"modified":"2023-04-07T13:25:58","modified_gmt":"2023-04-07T12:25:58","slug":"agitateur-aerien","status":"publish","type":"product","link":"https:\/\/greentelemesure.com\/index.php\/produit\/agitateur-aerien\/","title":{"rendered":"Agitateur a\u00e9rien"},"content":{"rendered":"<h3><strong>4 Mod\u00e8les:<\/strong><\/h3>\n<p><em>OS40-S:<\/em> Capacit\u00e9 de 40L , affichage LED<\/p>\n<p><em>OS20-S:<\/em> Capacit\u00e9 de 20L , affichage LED<\/p>\n<p><em>OS40-PRO:<\/em> Capacit\u00e9 de 40L , affichage LCD<\/p>\n<p><em>OS20-PRO:<\/em> Capacit\u00e9 de 20L , affichage LCD<\/p>\n<h3><strong>Accessoires standards:<\/strong><\/h3>\n<p id=\"tw-target-text\" class=\"tw-data-text tw-text-large tw-ta\" dir=\"ltr\" data-placeholder=\"Traduction\"><span class=\"Y2IQFc\" lang=\"fr\">Support de plaque universel 18900131 &amp;\u00a0 Agitateur \u00e0 h\u00e9lice 18900071<\/span><\/p>\n<h3><strong>Accessoires optionnels:<\/strong><\/h3>\n<p id=\"tw-target-text\" class=\"tw-data-text tw-text-large tw-ta\" dir=\"ltr\" data-placeholder=\"Traduction\"><span class=\"Y2IQFc\" lang=\"fr\"><strong><em>&#8211;<\/em><\/strong>Support d&rsquo;assiette universel (L x P : 20 x 31 cm), avec support de support (H : 78 cm) et dispositif de fixation .<\/span><\/p>\n<p class=\"tw-data-text tw-text-large tw-ta\" dir=\"ltr\" data-placeholder=\"Traduction\"><span class=\"Y2IQFc\" lang=\"fr\"><strong><em>&#8211;<\/em><\/strong>Agitateur \u00e0 h\u00e9lice, longueur de tige 40 cm, diam\u00e8tre de l&rsquo;agitateur 5 cm, \u00c9l\u00e9ment d&rsquo;agitation standard en acier inoxydable 316L , utilis\u00e9 \u00e0 des vitesses moyennes et \u00e9lev\u00e9es .<\/span><\/p>\n<p class=\"tw-data-text tw-text-large tw-ta\" dir=\"ltr\" data-placeholder=\"Traduction\"><span class=\"Y2IQFc\" lang=\"fr\"><strong><em>&#8211;<\/em><\/strong> Agitateur droit, longueur de tige 40 cm, diam\u00e8tre de l&rsquo;agitateur 6 cm, acier inoxydable 316L Convient au m\u00e9lange de fluides \u00e0 faible viscosit\u00e9, utilis\u00e9 \u00e0 des vitesses moyennes et \u00e9lev\u00e9es . <\/span><\/p>\n<p class=\"tw-data-text tw-text-large tw-ta\" dir=\"ltr\" data-placeholder=\"Traduction\"><span class=\"Y2IQFc\" lang=\"fr\"><strong><em>&#8211;<\/em><\/strong> Agitateur \u00e0 palettes, longueur de la tige 40 cm, diam\u00e8tre de l&rsquo;agitateur 6,8 cm, acier inoxydable 316L, Traitement doux des \u00e9chantillons, utilis\u00e9 \u00e0 des vitesses faibles et moyennes .<\/span><\/p>\n<p class=\"tw-data-text tw-text-large tw-ta\" dir=\"ltr\" data-placeholder=\"Traduction\"><span class=\"Y2IQFc\" lang=\"fr\"><strong><em>&#8211;<\/em><\/strong>Agitateur centrifuge, longueur tige 40 cm, diam\u00e8tre agitateur 6,8 cm, inox 316L, Pales s&rsquo;ouvrant \u00e0 vitesse croissante pour une agitation dans un r\u00e9cipient rond \u00e0 col \u00e9troit, utilisable \u00e0 moyenne et haute vitesse .<\/span><\/p>\n<p class=\"tw-data-text tw-text-large tw-ta\" dir=\"ltr\" data-placeholder=\"Traduction\"><span class=\"Y2IQFc\" lang=\"fr\"><strong><em> &#8211; <\/em><\/strong>Agitateur \u00e0 h\u00e9lice, longueur de tige 35 cm, diam\u00e8tre de l&rsquo;agitateur 6,5 cm, rev\u00eatement PTFE ,\u00c9l\u00e9ment agitateur standard, utilis\u00e9 \u00e0 moyenne et haute vitesse . <\/span><\/p>\n<p class=\"tw-data-text tw-text-large tw-ta\" dir=\"ltr\" data-placeholder=\"Traduction\"><span class=\"Y2IQFc\" lang=\"fr\"><em><strong>&#8211;<\/strong><\/em>Agitateur droit, longueur de tige 35 cm, diam\u00e8tre de l&rsquo;agitateur 7 cm, rev\u00eatement PTFE , Convient au m\u00e9lange de fluides \u00e0 faible viscosit\u00e9, utilis\u00e9s \u00e0 des vitesses moyennes et \u00e9lev\u00e9es.<\/span><\/p>\n<p class=\"tw-data-text tw-text-large tw-ta\" dir=\"ltr\" data-placeholder=\"Traduction\"><span class=\"Y2IQFc\" lang=\"fr\"><strong><em>&#8211;<\/em><\/strong> Agitateur \u00e0 palettes, longueur de la tige 35 cm, diam\u00e8tre de l&rsquo;agitateur 6,8 cm, rev\u00eatement PTFE \u00c9chantillons de traitement doux, utilis\u00e9s \u00e0 des vitesses faibles et moyennes . <\/span><\/p>\n<p class=\"tw-data-text tw-text-large tw-ta\" dir=\"ltr\" data-placeholder=\"Traduction\"><span class=\"Y2IQFc\" lang=\"fr\"><strong><em>&#8211;<\/em><\/strong>Agitateur centrifuge, longueur tige 35 cm, diam\u00e8tre agitateur 8,5 cm, rev\u00eatement PTFE, Pales s&rsquo;ouvrant \u00e0 vitesse croissante pour agitation dans un r\u00e9cipient rond \u00e0 col \u00e9troit, utilis\u00e9 \u00e0 moyenne et haute vitesse.<\/span><\/p>\n","protected":false},"excerpt":{"rendered":"<p>Livr\u00e9 avec support de plaque universel et h\u00e9lice d&rsquo;agitateur<\/p>\n","protected":false},"featured_media":5139,"comment_status":"closed","ping_status":"closed","template":"","meta":[],"product_cat":[76],"product_tag":[],"_links":{"self":[{"href":"https:\/\/greentelemesure.com\/index.php\/wp-json\/wp\/v3\/product\/4782"}],"collection":[{"href":"https:\/\/greentelemesure.com\/index.php\/wp-json\/wp\/v3\/product"}],"about":[{"href":"https:\/\/greentelemesure.com\/index.php\/wp-json\/wp\/v2\/types\/product"}],"replies":[{"embeddable":true,"href":"https:\/\/greentelemesure.com\/index.php\/wp-json\/wp\/v2\/comments?post=4782"}],"wp:featuredmedia":[{"embeddable":true,"href":"https:\/\/greentelemesure.com\/index.php\/wp-json\/wp\/v2\/media\/5139"}],"wp:attachment":[{"href":"https:\/\/greentelemesure.com\/index.php\/wp-json\/wp\/v2\/media?parent=4782"}],"wp:term":[{"taxonomy":"product_cat","embeddable":true,"href":"https:\/\/greentelemesure.com\/index.php\/wp-json\/wp\/v2\/product_cat?post=4782"},{"taxonomy":"product_tag","embeddable":true,"href":"https:\/\/greentelemesure.com\/index.php\/wp-json\/wp\/v2\/product_tag?post=4782"}],"curies":[{"name":"wp","href":"https:\/\/api.w.org\/{rel}","templated":true}]}}