{"id":4791,"date":"2022-06-04T11:55:05","date_gmt":"2022-06-04T10:55:05","guid":{"rendered":"http:\/\/41.249.251.2:8004\/?post_type=product&#038;p=4791"},"modified":"2023-04-07T13:26:07","modified_gmt":"2023-04-07T12:26:07","slug":"balances-de-precision-pioneer-precision","status":"publish","type":"product","link":"https:\/\/greentelemesure.com\/index.php\/produit\/balances-de-precision-pioneer-precision\/","title":{"rendered":"Balances de Pr\u00e9cision"},"content":{"rendered":"<p><span class=\"fontstyle0\">La balance PX offre un niveau de pr\u00e9cision et r\u00e9p\u00e9tabilit\u00e9 \u00e9lev\u00e9 \u00e0 un prix comp\u00e9titif pour les applications de pesage essentielles en diff\u00e9rents environnements : laboratoire, industrie et enseignement.<\/span><\/p>\n<h3><strong>Caract\u00e9ristiques:<\/strong><\/h3>\n<ul>\n<li>5 mod\u00e8les \u00e0 diff\u00e9rentes capacit\u00e9s : 52\/120g, 82g, 82\/220g, 120g, 220g<\/li>\n<li>Pr\u00e9cision de 0,00001g<\/li>\n<li><span class=\"fontstyle0\">Unit\u00e9s de pesage: Milligramme, Gramme, Kilogramme, Once, Livre, Carat, Pennyweight, Once Troy, Grain, Newton, Tael de Hong Kong, Tael<br \/>\nde Singapour, Tael de Ta\u00efwan, Momme, Tical, Mesghal, Tola, 1 unit\u00e9 personnalis\u00e9e<\/span><span class=\"fontstyle0\">.<\/span><\/li>\n<li><span class=\"fontstyle0\">Dot\u00e9 d\u2019une base et ch\u00e2ssis sup\u00e9rieur en m\u00e9tal et d\u2019un plateau de pes\u00e9e en acier inoxydable.<\/span><\/li>\n<li><span class=\"fontstyle0\">Utilisation polyvalente et durable sur le long terme.<\/span><\/li>\n<li><span class=\"fontstyle0\">Affichage LCD r\u00e9tro\u00e9clair\u00e9 et lumineux;<\/span><\/li>\n<li><span class=\"fontstyle0\">Comporte une deuxi\u00e8me ligne de texte affichant plus d\u2019informations et une connectivit\u00e9 RS232 et USB pour faciliter la communication. <\/span><\/li>\n<li><span class=\"fontstyle0\">Les mod\u00e8les \u00e0 cage de pes\u00e9e poss\u00e8dent une barre antistatique (ESR) pour une mise \u00e0 la terre pratique.<\/span><\/li>\n<\/ul>\n","protected":false},"excerpt":{"rendered":"<p>La balance PX <span class=\"fontstyle0\">est la combinaison de fonctionnalit\u00e9s de pesage essentielles \u00e0 des performances \u00e9lev\u00e9es,qui apportent pr\u00e9cision et r\u00e9p\u00e9tabilit\u00e9 pour des applications en conditions de laboratoire, pour l\u2019industrie ou l\u2019enseignement.\u00a0 Une conception ax\u00e9e sur une utilisation intuitive offrant une grande ergonomie, notamment par sa deuxi\u00e8me ligne de texte affichant plus d\u2019informations et ses ports USB et RS232 pour une communication en toute facilit\u00e9.<\/span><\/p>\n<p>&nbsp;<\/p>\n<p>&nbsp;<\/p>\n","protected":false},"featured_media":5141,"comment_status":"closed","ping_status":"closed","template":"","meta":[],"product_cat":[76],"product_tag":[],"_links":{"self":[{"href":"https:\/\/greentelemesure.com\/index.php\/wp-json\/wp\/v3\/product\/4791"}],"collection":[{"href":"https:\/\/greentelemesure.com\/index.php\/wp-json\/wp\/v3\/product"}],"about":[{"href":"https:\/\/greentelemesure.com\/index.php\/wp-json\/wp\/v2\/types\/product"}],"replies":[{"embeddable":true,"href":"https:\/\/greentelemesure.com\/index.php\/wp-json\/wp\/v2\/comments?post=4791"}],"wp:featuredmedia":[{"embeddable":true,"href":"https:\/\/greentelemesure.com\/index.php\/wp-json\/wp\/v2\/media\/5141"}],"wp:attachment":[{"href":"https:\/\/greentelemesure.com\/index.php\/wp-json\/wp\/v2\/media?parent=4791"}],"wp:term":[{"taxonomy":"product_cat","embeddable":true,"href":"https:\/\/greentelemesure.com\/index.php\/wp-json\/wp\/v2\/product_cat?post=4791"},{"taxonomy":"product_tag","embeddable":true,"href":"https:\/\/greentelemesure.com\/index.php\/wp-json\/wp\/v2\/product_tag?post=4791"}],"curies":[{"name":"wp","href":"https:\/\/api.w.org\/{rel}","templated":true}]}}