{"id":4795,"date":"2022-06-04T12:30:56","date_gmt":"2022-06-04T11:30:56","guid":{"rendered":"http:\/\/41.249.251.2:8004\/?post_type=product&#038;p=4795"},"modified":"2023-04-07T13:26:15","modified_gmt":"2023-04-07T12:26:15","slug":"mix-28-mix-28-mix-28s-touch-fairy-vortexer","status":"publish","type":"product","link":"https:\/\/greentelemesure.com\/index.php\/produit\/mix-28-mix-28-mix-28s-touch-fairy-vortexer\/","title":{"rendered":"Vortexer"},"content":{"rendered":"<div id=\"tw-target-text-container\" class=\"tw-ta-container F0azHf tw-nfl\">\n<ul>\n<li class=\"tw-data-text tw-text-large tw-ta\" dir=\"ltr\" data-placeholder=\"Traduction\"><span class=\"Y2IQFc\" lang=\"fr\">Le diam\u00e8tre maximal des tubes est jusqu&rsquo;\u00e0 30 mm;<\/span><\/li>\n<li class=\"tw-data-text tw-text-large tw-ta\" dir=\"ltr\" data-placeholder=\"Traduction\"><span class=\"Y2IQFc\" lang=\"fr\">Combinaison pour m\u00e9langer les tubes\/tubes centrifuges avec un effet de m\u00e9lange pro\u00e9minent;<\/span><\/li>\n<li class=\"tw-data-text tw-text-large tw-ta\" dir=\"ltr\" data-placeholder=\"Traduction\"><span class=\"Y2IQFc\" lang=\"fr\">La coque ext\u00e9rieure et le toucher concave sont en plastique r\u00e9sistant aux attaques chimiques; <\/span><\/li>\n<li class=\"tw-data-text tw-text-large tw-ta\" dir=\"ltr\" data-placeholder=\"Traduction\"><span class=\"Y2IQFc\" lang=\"fr\">La base \u00e9paisse rend le fonctionnement tr\u00e8s stable et fiable;<\/span><\/li>\n<li class=\"tw-data-text tw-text-large tw-ta\" dir=\"ltr\" data-placeholder=\"Traduction\"><span class=\"Y2IQFc\" lang=\"fr\">Adaptateur basse consommation 12 V int\u00e9gr\u00e9, intelligent et portable.<\/span><\/li>\n<\/ul>\n<\/div>\n<div id=\"tw-target-rmn-container\" class=\"tw-target-rmn tw-ta-container F0azHf tw-nfl\">\n<p id=\"tw-target-rmn\" class=\"tw-data-placeholder tw-text-small tw-ta\" dir=\"ltr\">\n<\/div>\n","protected":false},"excerpt":{"rendered":"<div id=\"tw-target-text-container\" class=\"tw-ta-container F0azHf tw-nfl\">\n<p id=\"tw-target-text\" class=\"tw-data-text tw-text-large tw-ta\" dir=\"ltr\" data-placeholder=\"Traduction\"><span class=\"Y2IQFc\" lang=\"fr\"> La s\u00e9rie MIX-28 Touch Fairy Vortexer se concentre sur le toucher pour m\u00e9langer (m\u00e9lange court) pour une vari\u00e9t\u00e9 de tubes\/tubes centrifuges. Son design compact le rend tr\u00e8s attrayant , tandis que son fonctionnement tactile le rend tr\u00e8s facile \u00e0 manipuler et tr\u00e8s pratique. <\/span><\/p>\n<p class=\"tw-data-text tw-text-large tw-ta\" dir=\"ltr\" data-placeholder=\"Traduction\"><span class=\"Y2IQFc\" lang=\"fr\">Touch Fairy Vortexer devient un instrument exp\u00e9rimental essentiel avec son effet de m\u00e9lange pro\u00e9minent.<\/span><\/p>\n<\/div>\n<p dir=\"ltr\">\n","protected":false},"featured_media":5143,"comment_status":"closed","ping_status":"closed","template":"","meta":[],"product_cat":[76],"product_tag":[],"_links":{"self":[{"href":"https:\/\/greentelemesure.com\/index.php\/wp-json\/wp\/v3\/product\/4795"}],"collection":[{"href":"https:\/\/greentelemesure.com\/index.php\/wp-json\/wp\/v3\/product"}],"about":[{"href":"https:\/\/greentelemesure.com\/index.php\/wp-json\/wp\/v2\/types\/product"}],"replies":[{"embeddable":true,"href":"https:\/\/greentelemesure.com\/index.php\/wp-json\/wp\/v2\/comments?post=4795"}],"wp:featuredmedia":[{"embeddable":true,"href":"https:\/\/greentelemesure.com\/index.php\/wp-json\/wp\/v2\/media\/5143"}],"wp:attachment":[{"href":"https:\/\/greentelemesure.com\/index.php\/wp-json\/wp\/v2\/media?parent=4795"}],"wp:term":[{"taxonomy":"product_cat","embeddable":true,"href":"https:\/\/greentelemesure.com\/index.php\/wp-json\/wp\/v2\/product_cat?post=4795"},{"taxonomy":"product_tag","embeddable":true,"href":"https:\/\/greentelemesure.com\/index.php\/wp-json\/wp\/v2\/product_tag?post=4795"}],"curies":[{"name":"wp","href":"https:\/\/api.w.org\/{rel}","templated":true}]}}