{"id":4800,"date":"2022-06-06T17:48:08","date_gmt":"2022-06-06T16:48:08","guid":{"rendered":"http:\/\/41.249.251.2:8004\/?post_type=product&#038;p=4800"},"modified":"2023-04-07T13:26:21","modified_gmt":"2023-04-07T12:26:21","slug":"microscope-numerique-binoculaire","status":"publish","type":"product","link":"https:\/\/greentelemesure.com\/index.php\/produit\/microscope-numerique-binoculaire\/","title":{"rendered":"Microscopes num\u00e9riques Binoculaires"},"content":{"rendered":"<ul>\n<li>Mod\u00e8les de microscopes Binoculaires avec \u00e9tage double couche;<\/li>\n<li>Objectifs 4x, 10x, 40x, 100x;<\/li>\n<li>Type de source lumineuse LED blanche;<\/li>\n<li>M\u00e9canisme coaxial de mise au point grossi\u00e8re et fine avec but\u00e9e sup\u00e9rieure, pour \u00e9viter le contact entre l&rsquo;objectif et sp\u00e9cimen. Tension r\u00e9glable du bouton de mise au point grossi\u00e8re;<\/li>\n<li>Embout quadruple tournant, rotation sur roulements \u00e0 billes.<\/li>\n<\/ul>\n<h3><strong>Accessoires:<\/strong><\/h3>\n<p>Manuel d&rsquo;utilisation, housse anti-poussi\u00e8re, c\u00e2ble USB 1,8 m, CD-ROM.<\/p>\n","protected":false},"excerpt":{"rendered":"<div class=\"QmZWSe\">\n<p class=\"DHcWmd\">\n<\/div>\n<div class=\"oSioSc\">\n<div id=\"tw-target\">\n<div id=\"kAz1tf\" class=\"g9WsWb\">\n<div id=\"tw-target-text-container\" class=\"tw-ta-container F0azHf tw-nfl\">\n<p id=\"tw-target-text\" class=\"tw-data-text tw-text-large tw-ta\" dir=\"ltr\" data-placeholder=\"Traduction\"><span class=\"Y2IQFc\" lang=\"fr\">S\u00e9rie de microscopes num\u00e9riques binoculaires pour les applications de routine \u00e9ducatives et de laboratoire. Dot\u00e9s de ch\u00e2ssis moul\u00e9 sous pression, \u00e0 haute stabilit\u00e9 et ergonomie, pour l&rsquo;observation en lumi\u00e8re transmise.<\/span><\/p>\n<\/div>\n<\/div>\n<\/div>\n<\/div>\n","protected":false},"featured_media":5146,"comment_status":"closed","ping_status":"closed","template":"","meta":[],"product_cat":[76],"product_tag":[],"_links":{"self":[{"href":"https:\/\/greentelemesure.com\/index.php\/wp-json\/wp\/v3\/product\/4800"}],"collection":[{"href":"https:\/\/greentelemesure.com\/index.php\/wp-json\/wp\/v3\/product"}],"about":[{"href":"https:\/\/greentelemesure.com\/index.php\/wp-json\/wp\/v2\/types\/product"}],"replies":[{"embeddable":true,"href":"https:\/\/greentelemesure.com\/index.php\/wp-json\/wp\/v2\/comments?post=4800"}],"wp:featuredmedia":[{"embeddable":true,"href":"https:\/\/greentelemesure.com\/index.php\/wp-json\/wp\/v2\/media\/5146"}],"wp:attachment":[{"href":"https:\/\/greentelemesure.com\/index.php\/wp-json\/wp\/v2\/media?parent=4800"}],"wp:term":[{"taxonomy":"product_cat","embeddable":true,"href":"https:\/\/greentelemesure.com\/index.php\/wp-json\/wp\/v2\/product_cat?post=4800"},{"taxonomy":"product_tag","embeddable":true,"href":"https:\/\/greentelemesure.com\/index.php\/wp-json\/wp\/v2\/product_tag?post=4800"}],"curies":[{"name":"wp","href":"https:\/\/api.w.org\/{rel}","templated":true}]}}