{"id":4803,"date":"2022-06-07T11:03:21","date_gmt":"2022-06-07T10:03:21","guid":{"rendered":"http:\/\/41.249.251.2:8004\/?post_type=product&#038;p=4803"},"modified":"2023-04-07T13:26:26","modified_gmt":"2023-04-07T12:26:26","slug":"stereo-microscopes-pour-lenseignement-superieur-et-le-laboratoire-serie-slx","status":"publish","type":"product","link":"https:\/\/greentelemesure.com\/index.php\/produit\/stereo-microscopes-pour-lenseignement-superieur-et-le-laboratoire-serie-slx\/","title":{"rendered":"St\u00e9r\u00e9o-microscopes pour l&rsquo;enseignement sup\u00e9rieur et le laboratoire"},"content":{"rendered":"<h3 id=\"tw-target-text\" class=\"tw-data-text tw-text-large tw-ta\" dir=\"ltr\" data-placeholder=\"Traduction\"><span class=\"Y2IQFc\" lang=\"fr\"><strong>Fonctionnalit\u00e9s<\/strong><br \/>\n<\/span><\/h3>\n<ul>\n<li class=\"tw-data-text tw-text-large tw-ta\" dir=\"ltr\" data-placeholder=\"Traduction\"><span class=\"Y2IQFc\" lang=\"fr\">Vue 3D Greenough pour des images haute r\u00e9solution et une grande profondeur de champ;<\/span><\/li>\n<li class=\"tw-data-text tw-text-large tw-ta\" dir=\"ltr\" data-placeholder=\"Traduction\"><span class=\"Y2IQFc\" lang=\"fr\">Rapport 6.43:1 &#8211; 7x &#8230; 45x &#8211; ou objectif rotatif &#8211; 2x, 4x &#8211; sur 21 mm;<\/span><\/li>\n<li class=\"tw-data-text tw-text-large tw-ta\" dir=\"ltr\" data-placeholder=\"Traduction\"><span class=\"Y2IQFc\" lang=\"fr\">Compact, pratique et intuitif \u00e0 utiliser ;<\/span><\/li>\n<li class=\"tw-data-text tw-text-large tw-ta\" dir=\"ltr\" data-placeholder=\"Traduction\"><span class=\"Y2IQFc\" lang=\"fr\"> Robuste et durable pour une dur\u00e9e de vie prolong\u00e9e;<\/span><\/li>\n<li class=\"tw-data-text tw-text-large tw-ta\" dir=\"ltr\" data-placeholder=\"Traduction\"><span class=\"Y2IQFc\" lang=\"fr\">\u00a0\u00c9clairage LED longue dur\u00e9e (offrant plus de 20 ans d&rsquo;utilisation), librement r\u00e9glable &#8211; lumi\u00e8re incidente, oblique et transmise;<\/span><\/li>\n<li class=\"tw-data-text tw-text-large tw-ta\" dir=\"ltr\" data-placeholder=\"Traduction\"><span class=\"Y2IQFc\" lang=\"fr\">Base ultra-plate avec disque \u00d8 100 mm pour lumi\u00e8re transmise diffuse ;<\/span><\/li>\n<li class=\"tw-data-text tw-text-large tw-ta\" dir=\"ltr\" data-placeholder=\"Traduction\"><span class=\"Y2IQFc\" lang=\"fr\">Alimentation \u00e9lectrique externe pour une s\u00e9<\/span><span class=\"Y2IQFc\" lang=\"fr\">curit\u00e9 accrue et un entretien pratique;<br \/>\n<\/span><\/li>\n<li id=\"tw-target-text\" class=\"tw-data-text tw-text-large tw-ta\" dir=\"ltr\" data-placeholder=\"Traduction\"><span class=\"Y2IQFc\" lang=\"fr\">Utilisation sans fil, totalement ind\u00e9pendante de la connexion secteur\/piles Tous les mod\u00e8les fonctionnent avec ou sans les piles en place et sont fournis avec trois piles rechargeables NiMH pour la plus longue autonomie en utilisation en ext\u00e9rieur (autonomie de 12 heures, \u00e0 intensit\u00e9 moyenne).<\/span><\/li>\n<\/ul>\n<h3 dir=\"ltr\" data-placeholder=\"Traduction\"><strong>Accessoires<\/strong><\/h3>\n<ul>\n<li><span class=\"Y2IQFc\" lang=\"fr\">Lentilles suppl\u00e9mentaires : <\/span><span class=\"Y2IQFc\" lang=\"fr\">A visser simplement dans les filetages sous les objectifs de SLX-2 et SLX-3 pour augmenter ou diminuer le total grossissement, ou pour augmenter la distance de travail lorsque les utilisateurs ont besoin de travailler avec les mains sous le microscope.<\/span><\/li>\n<li id=\"tw-target-text\" class=\"tw-data-text tw-text-large tw-ta\" dir=\"ltr\" data-placeholder=\"Traduction\"><span class=\"Y2IQFc\" lang=\"fr\">ST-040.1 &#8211; Condenseur fond noir: Il s&rsquo;agit d&rsquo;un condenseur \u00e0 fond noir pour st\u00e9r\u00e9omicroscopes avec une plaque <\/span><span class=\"Y2IQFc\" lang=\"fr\">de travail l\u00e9g\u00e8re et ronde de 100 mm pour fournir un fond noir caract\u00e9ristique de microscopie, s&rsquo;adaptant \u00e0 tous les st\u00e9r\u00e9omicroscopes OPTIKA avec une taille de montage de 100 mm et lumi\u00e8re transmise.<\/span><\/li>\n<\/ul>\n","protected":false},"excerpt":{"rendered":"<div id=\"tw-target-text-container\" class=\"tw-ta-container F0azHf tw-nfl\">\n<p id=\"tw-target-text\" class=\"tw-data-text tw-text-large tw-ta\" dir=\"ltr\" data-placeholder=\"Traduction\"><span class=\"Y2IQFc\" lang=\"fr\">S\u00e9rie de configurations pr\u00e9cieuses de microscopes st\u00e9r\u00e9o et st\u00e9r\u00e9ozoom sans fil et modernes, id\u00e9ales pour une vari\u00e9t\u00e9 d&rsquo;applications, y compris \u00e0 des fins industrielles ainsi que la dissection, la biologie, l&rsquo;entomologie, l&rsquo;anatomie, la chimie et la science des mat\u00e9riaux &#8230;etc<\/span><\/p>\n<p class=\"tw-data-text tw-text-large tw-ta\" dir=\"ltr\" data-placeholder=\"Traduction\"><span class=\"Y2IQFc\" lang=\"fr\">Fournis avec un double grossissement , des oculaires \u00e0 point oculaire \u00e9lev\u00e9 FN 21, un bras fixe pr\u00e9cis de haute qualit\u00e9 avec mise au point et poign\u00e9e avec la derni\u00e8re technologie d&rsquo;\u00e9clairage EcoLED \u2122 ainsi que des piles rechargeables. <\/span><\/p>\n<p class=\"tw-data-text tw-text-large tw-ta\" dir=\"ltr\" data-placeholder=\"Traduction\"><span class=\"Y2IQFc\" lang=\"fr\">Minces et faciles \u00e0 transporter, tous les mod\u00e8les sont \u00e9quip\u00e9s d&rsquo;\u00e9clairage de longue dur\u00e9e pour plus de 20 ans d&rsquo;utilisation.<\/span><\/p>\n<\/div>\n","protected":false},"featured_media":5147,"comment_status":"closed","ping_status":"closed","template":"","meta":[],"product_cat":[76],"product_tag":[],"_links":{"self":[{"href":"https:\/\/greentelemesure.com\/index.php\/wp-json\/wp\/v3\/product\/4803"}],"collection":[{"href":"https:\/\/greentelemesure.com\/index.php\/wp-json\/wp\/v3\/product"}],"about":[{"href":"https:\/\/greentelemesure.com\/index.php\/wp-json\/wp\/v2\/types\/product"}],"replies":[{"embeddable":true,"href":"https:\/\/greentelemesure.com\/index.php\/wp-json\/wp\/v2\/comments?post=4803"}],"wp:featuredmedia":[{"embeddable":true,"href":"https:\/\/greentelemesure.com\/index.php\/wp-json\/wp\/v2\/media\/5147"}],"wp:attachment":[{"href":"https:\/\/greentelemesure.com\/index.php\/wp-json\/wp\/v2\/media?parent=4803"}],"wp:term":[{"taxonomy":"product_cat","embeddable":true,"href":"https:\/\/greentelemesure.com\/index.php\/wp-json\/wp\/v2\/product_cat?post=4803"},{"taxonomy":"product_tag","embeddable":true,"href":"https:\/\/greentelemesure.com\/index.php\/wp-json\/wp\/v2\/product_tag?post=4803"}],"curies":[{"name":"wp","href":"https:\/\/api.w.org\/{rel}","templated":true}]}}