{"id":4807,"date":"2022-06-07T11:57:28","date_gmt":"2022-06-07T10:57:28","guid":{"rendered":"http:\/\/41.249.251.2:8004\/?post_type=product&#038;p=4807"},"modified":"2023-04-07T13:26:32","modified_gmt":"2023-04-07T12:26:32","slug":"microscopes-biologiques-monoculaires-series-ecovision-b-60-b-150-b-190","status":"publish","type":"product","link":"https:\/\/greentelemesure.com\/index.php\/produit\/microscopes-biologiques-monoculaires-series-ecovision-b-60-b-150-b-190\/","title":{"rendered":"Microscopes biologiques monoculaires"},"content":{"rendered":"<ul>\n<li class=\"tw-data-text tw-text-large tw-ta\" dir=\"ltr\" data-placeholder=\"Traduction\"><span class=\"Y2IQFc\" lang=\"fr\">Con\u00e7us pour les utilisateurs novices (\u00e9tudiants et \u00e9coles primaires notamment);<\/span><\/li>\n<li class=\"tw-data-text tw-text-large tw-ta\" dir=\"ltr\" data-placeholder=\"Traduction\"><span class=\"Y2IQFc\" lang=\"fr\"> Faciles \u00e0 manipuler, m\u00eame par les plus jeunes utilisateur; <\/span><\/li>\n<li class=\"tw-data-text tw-text-large tw-ta\" dir=\"ltr\" data-placeholder=\"Traduction\"><span class=\"Y2IQFc\" lang=\"fr\">\u00c9clairage LED longue dur\u00e9e (offrant plus de 20 ans d&rsquo;utilisation);<\/span><\/li>\n<li class=\"tw-data-text tw-text-large tw-ta\" dir=\"ltr\" data-placeholder=\"Traduction\"><span class=\"Y2IQFc\" lang=\"fr\"> Compacts, pratiques et intuitif \u00e0 utilise; <\/span><\/li>\n<li class=\"tw-data-text tw-text-large tw-ta\" dir=\"ltr\" data-placeholder=\"Traduction\"><span class=\"Y2IQFc\" lang=\"fr\">Robustes et durables pour une dur\u00e9e de vie prolong\u00e9e;<br \/>\n<\/span><\/li>\n<li id=\"tw-target-text\" class=\"tw-data-text tw-text-large tw-ta\" dir=\"ltr\" data-placeholder=\"Traduction\"><span class=\"Y2IQFc\" lang=\"fr\">Num\u00e9ro de champ de 18 mm pour une large zone d&rsquo;observation \u00e9tendu; <\/span><\/li>\n<li class=\"tw-data-text tw-text-large tw-ta\" dir=\"ltr\" data-placeholder=\"Traduction\"><span class=\"Y2IQFc\" lang=\"fr\">\u00c9tape effa\u00e7able StagErase\u2122 pour r\u00e9duire les rayures ;<\/span><\/li>\n<li class=\"tw-data-text tw-text-large tw-ta\" dir=\"ltr\" data-placeholder=\"Traduction\"><span class=\"Y2IQFc\" lang=\"fr\">Utilisation sans fil, totalement ind\u00e9pendante de la connexion secteur\/piles;<\/span><\/li>\n<li class=\"tw-data-text tw-text-large tw-ta\" dir=\"ltr\" data-placeholder=\"Traduction\"><span class=\"Y2IQFc\" lang=\"fr\">Alimentation \u00e9lectrique externe pour une s\u00e9curit\u00e9 accrue et un entretien pratique.<\/span><\/li>\n<\/ul>\n","protected":false},"excerpt":{"rendered":"<p id=\"tw-target-text\" class=\"tw-data-text tw-text-large tw-ta\" dir=\"ltr\" data-placeholder=\"Traduction\"><span class=\"Y2IQFc\" lang=\"fr\">Une large gamme de microscopes monoculaires modernes sans fil id\u00e9aux pour les \u00e9tudiants avec lentilles achromatiques, oculaires FN 18, syst\u00e8me optique fini, mise au point coaxiale, platine fixe ou m\u00e9canique effa\u00e7able StagErase\u2122 et \u00e9clairage LED 1 W avec piles rechargeables. <\/span><\/p>\n<p class=\"tw-data-text tw-text-large tw-ta\" dir=\"ltr\" data-placeholder=\"Traduction\"><span class=\"Y2IQFc\" lang=\"fr\">Minces et faciles \u00e0 transporter, tous les mod\u00e8les sont \u00e9quip\u00e9s d&rsquo;un repose-bras\/poignet pour r\u00e9duire la fatigue lors de l&rsquo;utilisation et d&rsquo;un \u00e9clairage LED longue dur\u00e9e pour plus de 20 ans d&rsquo;utilisation.<\/span><\/p>\n","protected":false},"featured_media":5148,"comment_status":"closed","ping_status":"closed","template":"","meta":[],"product_cat":[76],"product_tag":[],"_links":{"self":[{"href":"https:\/\/greentelemesure.com\/index.php\/wp-json\/wp\/v3\/product\/4807"}],"collection":[{"href":"https:\/\/greentelemesure.com\/index.php\/wp-json\/wp\/v3\/product"}],"about":[{"href":"https:\/\/greentelemesure.com\/index.php\/wp-json\/wp\/v2\/types\/product"}],"replies":[{"embeddable":true,"href":"https:\/\/greentelemesure.com\/index.php\/wp-json\/wp\/v2\/comments?post=4807"}],"wp:featuredmedia":[{"embeddable":true,"href":"https:\/\/greentelemesure.com\/index.php\/wp-json\/wp\/v2\/media\/5148"}],"wp:attachment":[{"href":"https:\/\/greentelemesure.com\/index.php\/wp-json\/wp\/v2\/media?parent=4807"}],"wp:term":[{"taxonomy":"product_cat","embeddable":true,"href":"https:\/\/greentelemesure.com\/index.php\/wp-json\/wp\/v2\/product_cat?post=4807"},{"taxonomy":"product_tag","embeddable":true,"href":"https:\/\/greentelemesure.com\/index.php\/wp-json\/wp\/v2\/product_tag?post=4807"}],"curies":[{"name":"wp","href":"https:\/\/api.w.org\/{rel}","templated":true}]}}