{"id":4813,"date":"2022-06-08T11:59:22","date_gmt":"2022-06-08T10:59:22","guid":{"rendered":"http:\/\/41.249.251.2:8004\/?post_type=product&#038;p=4813"},"modified":"2023-04-07T13:26:41","modified_gmt":"2023-04-07T12:26:41","slug":"distillateur-automatique","status":"publish","type":"product","link":"https:\/\/greentelemesure.com\/index.php\/produit\/distillateur-automatique\/","title":{"rendered":"Distillateur automatique"},"content":{"rendered":"<ul>\n<li>Trois mod\u00e8les de capacit\u00e9s maximales respectives\u00a0 3,5l\/h , 4,5l\/h , 11l\/h<\/li>\n<li>Fonctionnement enti\u00e8rement automatique. Lo<span class=\"Y2IQFc\" lang=\"fr\">rsque le r\u00e9servoir de stockage est plein, l&rsquo;alimentation en eau est automatiquement coup\u00e9e\u00a0 pour \u00e9viter tout d\u00e9bordement;<\/span><\/li>\n<li>Con\u00e7u avec un r\u00e9servoir de stockage int\u00e9gr\u00e9;<\/li>\n<li>\u00c9quip\u00e9<span class=\"Y2IQFc\" lang=\"fr\"> d&rsquo;un pr\u00e9filtre standard pour emp\u00eacher les impuret\u00e9s de s&rsquo;\u00e9couler vers le distillateur.<\/span><\/li>\n<\/ul>\n<h3 id=\"tw-target-text\" class=\"tw-data-text tw-text-large tw-ta\" dir=\"ltr\" data-placeholder=\"Traduction\"><span class=\"Y2IQFc\" lang=\"fr\"><strong>Fonctions de s\u00e9curit\u00e9 :<\/strong> <\/span><\/h3>\n<ul>\n<li id=\"tw-target-text\" class=\"tw-data-text tw-text-large tw-ta\" dir=\"ltr\" data-placeholder=\"Traduction\"><span class=\"Y2IQFc\" lang=\"fr\">Protection contre la surchauffe;<\/span><\/li>\n<li class=\"tw-data-text tw-text-large tw-ta\" dir=\"ltr\" data-placeholder=\"Traduction\"><span class=\"Y2IQFc\" lang=\"fr\">Protection contre les basses eaux;<\/span><\/li>\n<li class=\"tw-data-text tw-text-large tw-ta\" dir=\"ltr\" data-placeholder=\"Traduction\"><span class=\"Y2IQFc\" lang=\"fr\">Disjoncteur de fuite \u00e9lectrique.<\/span><\/li>\n<\/ul>\n","protected":false},"excerpt":{"rendered":"<p>Distillateur \u00e0 design unique et compacte pour les utilisations vari\u00e9es.<\/p>\n<p>&nbsp;<\/p>\n","protected":false},"featured_media":5150,"comment_status":"closed","ping_status":"closed","template":"","meta":[],"product_cat":[76],"product_tag":[],"_links":{"self":[{"href":"https:\/\/greentelemesure.com\/index.php\/wp-json\/wp\/v3\/product\/4813"}],"collection":[{"href":"https:\/\/greentelemesure.com\/index.php\/wp-json\/wp\/v3\/product"}],"about":[{"href":"https:\/\/greentelemesure.com\/index.php\/wp-json\/wp\/v2\/types\/product"}],"replies":[{"embeddable":true,"href":"https:\/\/greentelemesure.com\/index.php\/wp-json\/wp\/v2\/comments?post=4813"}],"wp:featuredmedia":[{"embeddable":true,"href":"https:\/\/greentelemesure.com\/index.php\/wp-json\/wp\/v2\/media\/5150"}],"wp:attachment":[{"href":"https:\/\/greentelemesure.com\/index.php\/wp-json\/wp\/v2\/media?parent=4813"}],"wp:term":[{"taxonomy":"product_cat","embeddable":true,"href":"https:\/\/greentelemesure.com\/index.php\/wp-json\/wp\/v2\/product_cat?post=4813"},{"taxonomy":"product_tag","embeddable":true,"href":"https:\/\/greentelemesure.com\/index.php\/wp-json\/wp\/v2\/product_tag?post=4813"}],"curies":[{"name":"wp","href":"https:\/\/api.w.org\/{rel}","templated":true}]}}