{"id":4817,"date":"2022-06-08T16:47:14","date_gmt":"2022-06-08T15:47:14","guid":{"rendered":"http:\/\/41.249.251.2:8004\/?post_type=product&#038;p=4817"},"modified":"2023-04-07T13:26:44","modified_gmt":"2023-04-07T12:26:44","slug":"autoclave-de-type-vertical","status":"publish","type":"product","link":"https:\/\/greentelemesure.com\/index.php\/produit\/autoclave-de-type-vertical\/","title":{"rendered":"Autoclave de type vertical"},"content":{"rendered":"<ul>\n<li id=\"tw-target-text\" class=\"tw-data-text tw-text-large tw-ta\" dir=\"ltr\" data-placeholder=\"Traduction\"><span class=\"Y2IQFc\" lang=\"fr\">Une pompe \u00e0 vide int\u00e9gr\u00e9e permet l&rsquo;\u00e9limination de l&rsquo;air avant le vide pour une p\u00e9n\u00e9tration efficace de la vapeur et un s\u00e9chage apr\u00e8s le vide \u00e0 la fin d&rsquo;un cycle pour s\u00e9cher la vapeur restante;<\/span><\/li>\n<li class=\"tw-data-text tw-text-large tw-ta\" dir=\"ltr\" data-placeholder=\"Traduction\"><span class=\"Y2IQFc\" lang=\"fr\">Chambre en acier inoxydable renforc\u00e9e et \u00e9lectro-polie pour une excellente r\u00e9sistance \u00e0 la corrosion, durable et efficace dans l&rsquo;espace (option chambre STS 316L; <\/span><\/li>\n<li><span class=\"Y2IQFc\" lang=\"fr\">Un r\u00e9servoir d&rsquo;eau s\u00e9par\u00e9 de sorte que la quantit\u00e9 d&rsquo;eau requise pour chaque cycle soit automatiquement fournie;<\/span><\/li>\n<li><span class=\"Y2IQFc\" lang=\"fr\">Chargement vertical plus pratique lorsque vous devez st\u00e9riliser une grande quantit\u00e9 d&rsquo;\u00e9chantillons, y compris des liquides, des solides&#8230;<\/span><\/li>\n<li id=\"tw-target-text\" class=\"tw-data-text tw-text-large tw-ta\" dir=\"ltr\" data-placeholder=\"Traduction\"><span class=\"Y2IQFc\" lang=\"fr\">Des roulettes verrouillables robustes et pratiques sont install\u00e9es pour faciliter le d\u00e9placement et la fixation; <\/span><\/li>\n<li class=\"tw-data-text tw-text-large tw-ta\" dir=\"ltr\" data-placeholder=\"Traduction\"><span class=\"Y2IQFc\" lang=\"fr\">Le contr\u00f4leur num\u00e9rique PID \u00e0 microprocesseur fournit un excellent contr\u00f4le pr\u00e9cis et un syst\u00e8me de fonctionnement automatique;<\/span><\/li>\n<li class=\"tw-data-text tw-text-large tw-ta\" dir=\"ltr\" data-placeholder=\"Traduction\"><span class=\"Y2IQFc\" lang=\"fr\">Les indicateurs LED permettent de v\u00e9rifier l&rsquo;\u00e9tat de fonctionnement actuel; <\/span><\/li>\n<li class=\"tw-data-text tw-text-large tw-ta\" dir=\"ltr\" data-placeholder=\"Traduction\"><span class=\"Y2IQFc\" lang=\"fr\">Alertes du syst\u00e8me d&rsquo;auto-diagnostic et d&rsquo;affichage des erreurs, affiche les codes d&rsquo;erreur et arr\u00eate de fonctionner avec une ventilation automatique en cas de dysfonctionnement;<\/span><\/li>\n<li class=\"tw-data-text tw-text-large tw-ta\" dir=\"ltr\" data-placeholder=\"Traduction\"><span class=\"Y2IQFc\" lang=\"fr\">Syst\u00e8me de verrouillage manuel des portes pour assurer la s\u00e9curit\u00e9 des utilisateur; <\/span><\/li>\n<li class=\"tw-data-text tw-text-large tw-ta\" dir=\"ltr\" data-placeholder=\"Traduction\"><span class=\"Y2IQFc\" lang=\"fr\">Fonction de rotation automatique de la temp\u00e9rature et <\/span><span class=\"Y2IQFc\" lang=\"fr\">minuterie 99hr.59min (minuterie et alarme disponibles);<\/span><\/li>\n<li class=\"tw-data-text tw-text-large tw-ta\" dir=\"ltr\" data-placeholder=\"Traduction\"><span class=\"Y2IQFc\" lang=\"fr\">Conservation de la valeur de r\u00e9glage m\u00eame en cas de coupure de courant.<\/span><\/li>\n<\/ul>\n<h3 class=\"tw-data-text tw-text-large tw-ta\" dir=\"ltr\" data-placeholder=\"Traduction\"><strong><span class=\"Y2IQFc\" lang=\"fr\">Fonctions de S\u00e9curit\u00e9 : <\/span><\/strong><\/h3>\n<ul>\n<li dir=\"ltr\" data-placeholder=\"Traduction\"><span class=\"Y2IQFc\" lang=\"fr\">Pour la s\u00e9curit\u00e9 des utilisateurs, la porte ne s&rsquo;ouvre pas en fin de cycle si la chambre est pressuris\u00e9; <\/span><\/li>\n<li class=\"tw-data-text tw-text-large tw-ta\" dir=\"ltr\" data-placeholder=\"Traduction\"><span class=\"Y2IQFc\" lang=\"fr\">Soupape de d\u00e9charge de surpression; <\/span><\/li>\n<li class=\"tw-data-text tw-text-large tw-ta\" dir=\"ltr\" data-placeholder=\"Traduction\"><span class=\"Y2IQFc\" lang=\"fr\">Protection contre la surchauffe; <\/span><\/li>\n<li class=\"tw-data-text tw-text-large tw-ta\" dir=\"ltr\" data-placeholder=\"Traduction\"><span class=\"Y2IQFc\" lang=\"fr\">Alarme visible et audible; <\/span><\/li>\n<li class=\"tw-data-text tw-text-large tw-ta\" dir=\"ltr\" data-placeholder=\"Traduction\"><span class=\"Y2IQFc\" lang=\"fr\">Disjoncteur de fuite \u00e9lectrique.<\/span><\/li>\n<\/ul>\n<p dir=\"ltr\" data-placeholder=\"Traduction\"><span class=\"Y2IQFc\" lang=\"fr\">\u00a0<\/span><\/p>\n","protected":false},"excerpt":{"rendered":"<p id=\"tw-target-text\" class=\"tw-data-text tw-text-large tw-ta\" dir=\"ltr\" data-placeholder=\"Traduction\"><span class=\"Y2IQFc\" lang=\"fr\">St\u00e9rilisateur \u00e0 vapeur de type vertical.<\/span><\/p>\n<p class=\"tw-data-text tw-text-large tw-ta\" dir=\"ltr\" data-placeholder=\"Traduction\"><span class=\"Y2IQFc\" lang=\"fr\"> St\u00e9rilisation de classe S avec syst\u00e8me de pr\u00e9 et post-vide.<\/span><\/p>\n<p dir=\"ltr\" data-placeholder=\"Traduction\">\n","protected":false},"featured_media":5151,"comment_status":"closed","ping_status":"closed","template":"","meta":[],"product_cat":[76],"product_tag":[],"_links":{"self":[{"href":"https:\/\/greentelemesure.com\/index.php\/wp-json\/wp\/v3\/product\/4817"}],"collection":[{"href":"https:\/\/greentelemesure.com\/index.php\/wp-json\/wp\/v3\/product"}],"about":[{"href":"https:\/\/greentelemesure.com\/index.php\/wp-json\/wp\/v2\/types\/product"}],"replies":[{"embeddable":true,"href":"https:\/\/greentelemesure.com\/index.php\/wp-json\/wp\/v2\/comments?post=4817"}],"wp:featuredmedia":[{"embeddable":true,"href":"https:\/\/greentelemesure.com\/index.php\/wp-json\/wp\/v2\/media\/5151"}],"wp:attachment":[{"href":"https:\/\/greentelemesure.com\/index.php\/wp-json\/wp\/v2\/media?parent=4817"}],"wp:term":[{"taxonomy":"product_cat","embeddable":true,"href":"https:\/\/greentelemesure.com\/index.php\/wp-json\/wp\/v2\/product_cat?post=4817"},{"taxonomy":"product_tag","embeddable":true,"href":"https:\/\/greentelemesure.com\/index.php\/wp-json\/wp\/v2\/product_tag?post=4817"}],"curies":[{"name":"wp","href":"https:\/\/api.w.org\/{rel}","templated":true}]}}