{"id":4820,"date":"2022-06-08T17:39:16","date_gmt":"2022-06-08T16:39:16","guid":{"rendered":"http:\/\/41.249.251.2:8004\/?post_type=product&#038;p=4820"},"modified":"2023-04-07T13:26:49","modified_gmt":"2023-04-07T12:26:49","slug":"agitateur-magnetique-multi-positions-sp-300","status":"publish","type":"product","link":"https:\/\/greentelemesure.com\/index.php\/produit\/agitateur-magnetique-multi-positions-sp-300\/","title":{"rendered":"Agitateur magn\u00e9tique multi-positions"},"content":{"rendered":"<ul>\n<li><span class=\"Y2IQFc\" lang=\"fr\">Configurations de 4, 8, ou 12 barres d&rsquo;agitation au choix;<\/span><\/li>\n<li><span class=\"Y2IQFc\" lang=\"fr\">Plate-forme en acier inoxydable avec coussin en silicone;<\/span><\/li>\n<li>Capacit\u00e9 d&rsquo;agitation maximale selon le mod\u00e8le\u00a0 : 400ml*Nombre de barres d&rsquo;agitation;<\/li>\n<li>Plage de vitesse de 200 \u00e0 1200 rpm.<\/li>\n<\/ul>\n","protected":false},"excerpt":{"rendered":"<p id=\"tw-target-text\" class=\"tw-data-text tw-text-large tw-ta\" dir=\"ltr\" data-placeholder=\"Traduction\"><span class=\"Y2IQFc\" lang=\"fr\">L&rsquo;agitateur magn\u00e9tique multi-positions est con\u00e7u pour les exp\u00e9riences \u00e0 haut rendement et propose des configurations de barres d&rsquo;agitation 4\/8\/12 au choix. Il peut utiliser efficacement l&rsquo;espace du laboratoire. Le moteur sans balais \u00e0 courant continu rend le mod\u00e8le, \u00e0 basse vitesse mais stable, \u00e0 grande vitesse mais puissant avec un faible bruit. Plateforme en acier inoxydable recouvert d&rsquo;un disque de film de r\u00e9sine de silicone, antid\u00e9rapant et anti-corrosion.<\/span><\/p>\n<p dir=\"ltr\" data-placeholder=\"Traduction\">\n","protected":false},"featured_media":5152,"comment_status":"closed","ping_status":"closed","template":"","meta":[],"product_cat":[76],"product_tag":[],"_links":{"self":[{"href":"https:\/\/greentelemesure.com\/index.php\/wp-json\/wp\/v3\/product\/4820"}],"collection":[{"href":"https:\/\/greentelemesure.com\/index.php\/wp-json\/wp\/v3\/product"}],"about":[{"href":"https:\/\/greentelemesure.com\/index.php\/wp-json\/wp\/v2\/types\/product"}],"replies":[{"embeddable":true,"href":"https:\/\/greentelemesure.com\/index.php\/wp-json\/wp\/v2\/comments?post=4820"}],"wp:featuredmedia":[{"embeddable":true,"href":"https:\/\/greentelemesure.com\/index.php\/wp-json\/wp\/v2\/media\/5152"}],"wp:attachment":[{"href":"https:\/\/greentelemesure.com\/index.php\/wp-json\/wp\/v2\/media?parent=4820"}],"wp:term":[{"taxonomy":"product_cat","embeddable":true,"href":"https:\/\/greentelemesure.com\/index.php\/wp-json\/wp\/v2\/product_cat?post=4820"},{"taxonomy":"product_tag","embeddable":true,"href":"https:\/\/greentelemesure.com\/index.php\/wp-json\/wp\/v2\/product_tag?post=4820"}],"curies":[{"name":"wp","href":"https:\/\/api.w.org\/{rel}","templated":true}]}}