{"id":4830,"date":"2022-06-13T16:45:44","date_gmt":"2022-06-13T15:45:44","guid":{"rendered":"http:\/\/41.249.251.2:8004\/?post_type=product&#038;p=4830"},"modified":"2023-04-07T13:26:52","modified_gmt":"2023-04-07T12:26:52","slug":"microscopes-a-lumiere-polarisee-serie-pol","status":"publish","type":"product","link":"https:\/\/greentelemesure.com\/index.php\/produit\/microscopes-a-lumiere-polarisee-serie-pol\/","title":{"rendered":"Microscopes \u00e0 lumi\u00e8re polaris\u00e9e"},"content":{"rendered":"<ul>\n<li><span class=\"fontstyle0\"><span class=\"Y2IQFc\" lang=\"fr\">Objectifs IOS W-PLAN POL sans contrainte;<\/span><\/span><\/li>\n<li><span class=\"Y2IQFc\" lang=\"fr\">Complet de filtres polariseur et analyseur, lentille de Bertrand pour l&rsquo;observation conoscopique;<\/span><\/li>\n<li><span class=\"Y2IQFc\" lang=\"fr\">Plaques compensatrices et platines rotatives de haute pr\u00e9cision;<\/span><\/li>\n<li><span class=\"Y2IQFc\" lang=\"fr\">\u00c9clairage exclusif X-LED3 (pour les microscopes B-383POL, B-510POL, B-510POL-I );<\/span><\/li>\n<li><span class=\"Y2IQFc\" lang=\"fr\">Syst\u00e8me d&rsquo;\u00e9clairage exclusif X-LED8 (8 W) \u00e0 la pointe de la technologie\u00a0 (pour les microscopes\u00a0 B-1000POL, B-1000POL-I);<br \/>\n<\/span><\/li>\n<li><span class=\"Y2IQFc\" lang=\"fr\">Plusieurs options de configuration manuelle ou motoris\u00e9e\u00a0 (pour les microscopes\u00a0 B-1000POL, B-1000POL-I).<\/span><\/li>\n<\/ul>\n","protected":false},"excerpt":{"rendered":"<p><span class=\"Y2IQFc\" lang=\"fr\">Une s\u00e9rie de microscopes de laboratoire de routine avanc\u00e9s pour la lumi\u00e8re transmise en fond clair et les observations en lumi\u00e8re polaris\u00e9e. Ils viennent avec le syst\u00e8me d&rsquo;\u00e9clairage exclusif X-LED pour fournir des images lumineuses et claires, ainsi que tous les accessoires pour effectuer une analyse de polarisation pr\u00e9cise en biologie et la science des mat\u00e9riaux.<\/span><\/p>\n<p id=\"tw-target-text\" class=\"tw-data-text tw-text-large tw-ta\" dir=\"ltr\" data-placeholder=\"Traduction\"><span class=\"Y2IQFc\" lang=\"fr\">Cette s\u00e9rie, vous offre aussi des microscopes modulaires vous permettant de b\u00e9n\u00e9ficier de la possibilit\u00e9 de cr\u00e9er des configurations personnalis\u00e9e et aidant \u00e0 travailler confortablement pendant de longues p\u00e9riodes d&rsquo;utilisation pour effectuer un diagnostic fiable, pr\u00e9cis et rapide.<br \/>\n<\/span><\/p>\n","protected":false},"featured_media":5155,"comment_status":"closed","ping_status":"closed","template":"","meta":[],"product_cat":[76],"product_tag":[],"_links":{"self":[{"href":"https:\/\/greentelemesure.com\/index.php\/wp-json\/wp\/v3\/product\/4830"}],"collection":[{"href":"https:\/\/greentelemesure.com\/index.php\/wp-json\/wp\/v3\/product"}],"about":[{"href":"https:\/\/greentelemesure.com\/index.php\/wp-json\/wp\/v2\/types\/product"}],"replies":[{"embeddable":true,"href":"https:\/\/greentelemesure.com\/index.php\/wp-json\/wp\/v2\/comments?post=4830"}],"wp:featuredmedia":[{"embeddable":true,"href":"https:\/\/greentelemesure.com\/index.php\/wp-json\/wp\/v2\/media\/5155"}],"wp:attachment":[{"href":"https:\/\/greentelemesure.com\/index.php\/wp-json\/wp\/v2\/media?parent=4830"}],"wp:term":[{"taxonomy":"product_cat","embeddable":true,"href":"https:\/\/greentelemesure.com\/index.php\/wp-json\/wp\/v2\/product_cat?post=4830"},{"taxonomy":"product_tag","embeddable":true,"href":"https:\/\/greentelemesure.com\/index.php\/wp-json\/wp\/v2\/product_tag?post=4830"}],"curies":[{"name":"wp","href":"https:\/\/api.w.org\/{rel}","templated":true}]}}