{"id":4835,"date":"2022-06-29T16:06:50","date_gmt":"2022-06-29T15:06:50","guid":{"rendered":"http:\/\/41.249.251.2:8004\/?post_type=product&#038;p=4835"},"modified":"2023-04-07T13:26:55","modified_gmt":"2023-04-07T12:26:55","slug":"micropipettes","status":"publish","type":"product","link":"https:\/\/greentelemesure.com\/index.php\/produit\/micropipettes\/","title":{"rendered":"Micropipettes"},"content":{"rendered":"<h3>Caract\u00e9ristiques de micropipette :<\/h3>\n<ul>\n<li>L\u00e9g\u00e8ret\u00e9, ergonomie, faible force;<\/li>\n<li>Affichage num\u00e9rique indiquant clairement le r\u00e9glage du volume;<\/li>\n<li>Les pipettes couvrent une gamme de volume de 0.1\u03bcl \u00e0 10ml;<\/li>\n<li>Facile \u00e0 calibrer et \u00e0 entretenir;<\/li>\n<li>La partie inf\u00e9rieure est autoclavable;<\/li>\n<li>Conception permettant d&rsquo;\u00e9viter les microtraumatismes r\u00e9p\u00e9t\u00e9s;<\/li>\n<li>\u00a0Fabriqu\u00e9es \u00e0 partir de mat\u00e9riaux innovants.<\/li>\n<\/ul>\n<h3>Caract\u00e9ristiques de la micropipette multicanaux :<\/h3>\n<ul>\n<li>Des pipettes \u00e0 8 et 12 canaux sont disponibles pour les plaques standard \u00e0 96 puits.<\/li>\n<li>La t\u00eate de distribution tourne pour un confort de pipetage optimal.<\/li>\n<li>Les assemblages individuels piston\/c\u00f4ne de pointe permettent une r\u00e9paration et un entretien faciles.<\/li>\n<li>La conception du c\u00f4ne de l&#8217;embout en mat\u00e9riau composite permet une v\u00e9rification visuelle du joint.<\/li>\n<li>Les embouts de pipette universels peuvent \u00eatre utilis\u00e9s<\/li>\n<\/ul>\n","protected":false},"excerpt":{"rendered":"<p>Pipettes de qualit\u00e9 conformes \u00e0 la norme ISO8655-2:2002 avec un certificat d&rsquo;\u00e9talonnage. Le contr\u00f4le de qualit\u00e9 implique un test gravim\u00e9trique de chaque pipette avec de l&rsquo;eau distill\u00e9e \u00e0 22\u2103.<\/p>\n<p>Elles sont con\u00e7ues d&rsquo;une fa\u00e7on ergonomique pour les applications quotidienne de laboratoire.<\/p>\n<p>&nbsp;<\/p>\n","protected":false},"featured_media":5156,"comment_status":"closed","ping_status":"closed","template":"","meta":[],"product_cat":[76],"product_tag":[],"_links":{"self":[{"href":"https:\/\/greentelemesure.com\/index.php\/wp-json\/wp\/v3\/product\/4835"}],"collection":[{"href":"https:\/\/greentelemesure.com\/index.php\/wp-json\/wp\/v3\/product"}],"about":[{"href":"https:\/\/greentelemesure.com\/index.php\/wp-json\/wp\/v2\/types\/product"}],"replies":[{"embeddable":true,"href":"https:\/\/greentelemesure.com\/index.php\/wp-json\/wp\/v2\/comments?post=4835"}],"wp:featuredmedia":[{"embeddable":true,"href":"https:\/\/greentelemesure.com\/index.php\/wp-json\/wp\/v2\/media\/5156"}],"wp:attachment":[{"href":"https:\/\/greentelemesure.com\/index.php\/wp-json\/wp\/v2\/media?parent=4835"}],"wp:term":[{"taxonomy":"product_cat","embeddable":true,"href":"https:\/\/greentelemesure.com\/index.php\/wp-json\/wp\/v2\/product_cat?post=4835"},{"taxonomy":"product_tag","embeddable":true,"href":"https:\/\/greentelemesure.com\/index.php\/wp-json\/wp\/v2\/product_tag?post=4835"}],"curies":[{"name":"wp","href":"https:\/\/api.w.org\/{rel}","templated":true}]}}