{"id":4838,"date":"2022-07-01T17:43:09","date_gmt":"2022-07-01T16:43:09","guid":{"rendered":"http:\/\/41.249.251.2:8004\/?post_type=product&#038;p=4838"},"modified":"2023-04-07T13:26:58","modified_gmt":"2023-04-07T12:26:58","slug":"centrifugeuse","status":"publish","type":"product","link":"https:\/\/greentelemesure.com\/index.php\/produit\/centrifugeuse\/","title":{"rendered":"Centrifugeuse"},"content":{"rendered":"<h3>Caract\u00e9ristiques :<\/h3>\n<ul>\n<li>Contr\u00f4le par microprocesseur, affichage LED.<\/li>\n<li>Moteur sans balais, sans entretien, augmentation et diminution rapide de la vitesse.<\/li>\n<li>Verrouillage \u00e9lectrique du couvercle, protection contre la sur-vitesse et le d\u00e9s\u00e9quilibre.<\/li>\n<li>Facilit\u00e9 de r\u00e9glage et de lecture du RCF, synchronisation de la vitesse dans le temps.<\/li>\n<\/ul>\n","protected":false},"excerpt":{"rendered":"<p>Centrifugeuse pour\u00a0 les applications de laboratoire.<\/p>\n<p>Lecture et r\u00e9glage facile de la vitesse,\u00a0 avec protection contre la sur-vitesse et le d\u00e9s\u00e9quilibre.<\/p>\n","protected":false},"featured_media":5157,"comment_status":"closed","ping_status":"closed","template":"","meta":[],"product_cat":[76],"product_tag":[],"_links":{"self":[{"href":"https:\/\/greentelemesure.com\/index.php\/wp-json\/wp\/v3\/product\/4838"}],"collection":[{"href":"https:\/\/greentelemesure.com\/index.php\/wp-json\/wp\/v3\/product"}],"about":[{"href":"https:\/\/greentelemesure.com\/index.php\/wp-json\/wp\/v2\/types\/product"}],"replies":[{"embeddable":true,"href":"https:\/\/greentelemesure.com\/index.php\/wp-json\/wp\/v2\/comments?post=4838"}],"wp:featuredmedia":[{"embeddable":true,"href":"https:\/\/greentelemesure.com\/index.php\/wp-json\/wp\/v2\/media\/5157"}],"wp:attachment":[{"href":"https:\/\/greentelemesure.com\/index.php\/wp-json\/wp\/v2\/media?parent=4838"}],"wp:term":[{"taxonomy":"product_cat","embeddable":true,"href":"https:\/\/greentelemesure.com\/index.php\/wp-json\/wp\/v2\/product_cat?post=4838"},{"taxonomy":"product_tag","embeddable":true,"href":"https:\/\/greentelemesure.com\/index.php\/wp-json\/wp\/v2\/product_tag?post=4838"}],"curies":[{"name":"wp","href":"https:\/\/api.w.org\/{rel}","templated":true}]}}