{"id":4845,"date":"2022-07-19T10:19:50","date_gmt":"2022-07-19T09:19:50","guid":{"rendered":"http:\/\/41.249.251.2:8004\/?post_type=product&#038;p=4845"},"modified":"2023-04-07T13:27:01","modified_gmt":"2023-04-07T12:27:01","slug":"rotavap-de-nouvelle-generation","status":"publish","type":"product","link":"https:\/\/greentelemesure.com\/index.php\/produit\/rotavap-de-nouvelle-generation\/","title":{"rendered":"Rotavap de nouvelle g\u00e9n\u00e9ration"},"content":{"rendered":"<ul>\n<li>La bouilloire pour bain-marie en t\u00e9flon, permet de pr\u00e9server la chaleur, d&rsquo;\u00e9conomiser l&rsquo;\u00e9nergie, d&rsquo;\u00e9viter les explosions, les \u00e9claboussures, la rouille et la pollution ;<br \/>\nL&rsquo;\u00e9l\u00e9ment principal est constitu\u00e9 d&rsquo;un alliage d&rsquo;aluminium prot\u00e9g\u00e9 contre la rouille et d&rsquo;un plastique d&rsquo;ing\u00e9nierie sp\u00e9cial, durable et esth\u00e9tique;<\/li>\n<li>Double \u00e9tanch\u00e9it\u00e9 par anneau d&rsquo;\u00e9tanch\u00e9it\u00e9 en t\u00e9flon et caoutchouc fluor\u00e9 pour maintenir un haut degr\u00e9 de vide ;<\/li>\n<li>Fonction et double affichage de la temp\u00e9rature et de la vitesse de rotation ;<\/li>\n<li>Le corps entier adopte une conception de bloc de construction, qui est forte dans la capacit\u00e9 d&rsquo;expansion ;<\/li>\n<li>Il peut monter et descendre en douceur, facile \u00e0 manipuler et \u00e0 verrouiller ;<\/li>\n<li>\u00c9quip\u00e9 d&rsquo;un composant de verre de condensation vertical efficace, la zone de condensation peut atteindre 1500 cm\u00b2, la vitesse de condensation est rapide, le taux de r\u00e9cup\u00e9ration est de presque 100% ;<\/li>\n<li>Les composants utilisent un nouveau type d&rsquo;interface, facile \u00e0 assembler ;<br \/>\nUtilise un contr\u00f4le de temp\u00e9rature PID avanc\u00e9 pour contr\u00f4ler la temp\u00e9rature avec pr\u00e9cision ;<br \/>\nA une large gamme de r\u00e9gulation de vitesse, peut r\u00e9gler la temp\u00e9rature librement entre 0-200rpm ;<\/li>\n<li>Poss\u00e8de la fonction de protection contre la combustion \u00e0 sec et une boucle de temp\u00e9rature s\u00fbre.<\/li>\n<\/ul>\n","protected":false},"excerpt":{"rendered":"<p>&nbsp;<\/p>\n<p>Evaporateur rotatif, \u00e9galement appel\u00e9 rotavap, couramment utilis\u00e9 dans les laboratoires de chimie, pour la distillation continue de solvant volatil sous pression n\u00e9gative, l&rsquo;extraction et l&rsquo;isolation des produits.<\/p>\n<p>&nbsp;<\/p>\n<p>Ce rotavap intelligent de nouvelle g\u00e9n\u00e9ration, adopte une double rang\u00e9e de LCD \u00e0 r\u00e9tro\u00e9clairage bleu de haute capacit\u00e9 comme interface homme-ordinateur. La partie de contr\u00f4le utilise une puce unique de haute performance , et adopte un programme de contr\u00f4le sp\u00e9cial selon le param\u00e8tre contr\u00f4l\u00e9.\u00a0 En plus d&rsquo;une conception durable, stable et esth\u00e9tiquement int\u00e9ressante.<\/p>\n","protected":false},"featured_media":5158,"comment_status":"closed","ping_status":"closed","template":"","meta":[],"product_cat":[76],"product_tag":[],"_links":{"self":[{"href":"https:\/\/greentelemesure.com\/index.php\/wp-json\/wp\/v3\/product\/4845"}],"collection":[{"href":"https:\/\/greentelemesure.com\/index.php\/wp-json\/wp\/v3\/product"}],"about":[{"href":"https:\/\/greentelemesure.com\/index.php\/wp-json\/wp\/v2\/types\/product"}],"replies":[{"embeddable":true,"href":"https:\/\/greentelemesure.com\/index.php\/wp-json\/wp\/v2\/comments?post=4845"}],"wp:featuredmedia":[{"embeddable":true,"href":"https:\/\/greentelemesure.com\/index.php\/wp-json\/wp\/v2\/media\/5158"}],"wp:attachment":[{"href":"https:\/\/greentelemesure.com\/index.php\/wp-json\/wp\/v2\/media?parent=4845"}],"wp:term":[{"taxonomy":"product_cat","embeddable":true,"href":"https:\/\/greentelemesure.com\/index.php\/wp-json\/wp\/v2\/product_cat?post=4845"},{"taxonomy":"product_tag","embeddable":true,"href":"https:\/\/greentelemesure.com\/index.php\/wp-json\/wp\/v2\/product_tag?post=4845"}],"curies":[{"name":"wp","href":"https:\/\/api.w.org\/{rel}","templated":true}]}}