{"id":4847,"date":"2022-07-19T11:02:01","date_gmt":"2022-07-19T10:02:01","guid":{"rendered":"http:\/\/41.249.251.2:8004\/?post_type=product&#038;p=4847"},"modified":"2023-04-07T13:27:05","modified_gmt":"2023-04-07T12:27:05","slug":"4847","status":"publish","type":"product","link":"https:\/\/greentelemesure.com\/index.php\/produit\/4847\/","title":{"rendered":"R\u00e9acteur en verre double couche"},"content":{"rendered":"<p style=\"text-align: left\">Le solvant est plac\u00e9 dans la couche interne du flacon pour effectuer une r\u00e9action d&rsquo;agitation, Le chauffage ou le refroidissement est r\u00e9alis\u00e9 par\u00a0 connexion du fluide r\u00e9frig\u00e9rant, de l&rsquo; eau ou l&rsquo;huile chaude \u00e0 la couche interm\u00e9diaire. Le r\u00e9acteur est en verre \u00e9tanche \u00e0 l&rsquo;air permettant le d\u00e9roulement de la r\u00e9action\u00a0 sous pression normale ou n\u00e9gative, ainsi que la conduite du reflux et de la distillation de la solution r\u00e9actionnelle.<\/p>\n<h3 style=\"text-align: left\"><strong>Caract\u00e9ristiques<\/strong><\/h3>\n<ul>\n<li>Le volume du flacon est de 2L, le volume de la couche interm\u00e9diaire est de 0,8L; le diam\u00e8tre de l&rsquo;axe d&rsquo;agitation est de 8mm; la puissance d&rsquo;agitation est de 40W;<\/li>\n<li>Vitesse de rotation constante, pas de brosse \u00e9lectrique, pas d&rsquo;\u00e9tincelle, s\u00fbr et stable, permettant un travail continu;<\/li>\n<li>L&rsquo;ensemble des pi\u00e8ces en verre est fabriqu\u00e9 en verre borosilicate G3.3, qui poss\u00e8de d&rsquo;excellentes propri\u00e9t\u00e9s chimiques et physiques;<\/li>\n<li>La r\u00e9action est possible \u00e0 temp\u00e9rature normale, le raccordement \u00e0 l&rsquo;eau du robinet permet d&rsquo;\u00e9vacuer rapidement la chaleur de la r\u00e9action;<\/li>\n<li>La sortie de d\u00e9charge est dot\u00e9e d&rsquo;une bride et d&rsquo;une valve PTFE, pas d&rsquo;angle mort, d\u00e9tachable et pratique pour d\u00e9charger les mat\u00e9riaux solides;<\/li>\n<li>Le corps principal est fait d&rsquo;acier inoxydable, anti-corrosif, scell\u00e9 par un composant PTFE, capable de maintenir un degr\u00e9 de vide plus \u00e9lev\u00e9;<\/li>\n<li>Peut travailler sous pression normale et n\u00e9gative, pression n\u00e9gative jusqu&rsquo;\u00e0 -0.09MPa;<\/li>\n<li>La dynamo \u00e0 courant alternatif assure le contr\u00f4le de la fr\u00e9quence de l&rsquo;agitation, un fonctionnement fiable, un grand moment de force et aucune \u00e9tincelle.<\/li>\n<\/ul>\n","protected":false},"excerpt":{"rendered":"<p>Ce r\u00e9acteur innovant adopte une conception en verre \u00e0 double couche, serve pour les tests pilotes et de production, il est id\u00e9al pour le g\u00e9nie chimique moderne, la pharmacie biologique et la synth\u00e8se de nouveaux mat\u00e9riaux.<\/p>\n<p>&nbsp;<\/p>\n","protected":false},"featured_media":5159,"comment_status":"closed","ping_status":"closed","template":"","meta":[],"product_cat":[76],"product_tag":[],"_links":{"self":[{"href":"https:\/\/greentelemesure.com\/index.php\/wp-json\/wp\/v3\/product\/4847"}],"collection":[{"href":"https:\/\/greentelemesure.com\/index.php\/wp-json\/wp\/v3\/product"}],"about":[{"href":"https:\/\/greentelemesure.com\/index.php\/wp-json\/wp\/v2\/types\/product"}],"replies":[{"embeddable":true,"href":"https:\/\/greentelemesure.com\/index.php\/wp-json\/wp\/v2\/comments?post=4847"}],"wp:featuredmedia":[{"embeddable":true,"href":"https:\/\/greentelemesure.com\/index.php\/wp-json\/wp\/v2\/media\/5159"}],"wp:attachment":[{"href":"https:\/\/greentelemesure.com\/index.php\/wp-json\/wp\/v2\/media?parent=4847"}],"wp:term":[{"taxonomy":"product_cat","embeddable":true,"href":"https:\/\/greentelemesure.com\/index.php\/wp-json\/wp\/v2\/product_cat?post=4847"},{"taxonomy":"product_tag","embeddable":true,"href":"https:\/\/greentelemesure.com\/index.php\/wp-json\/wp\/v2\/product_tag?post=4847"}],"curies":[{"name":"wp","href":"https:\/\/api.w.org\/{rel}","templated":true}]}}