{"id":9300,"date":"2024-07-24T12:12:23","date_gmt":"2024-07-24T11:12:23","guid":{"rendered":"https:\/\/greentelemesure.com\/?post_type=product&#038;p=9300"},"modified":"2024-07-24T15:17:17","modified_gmt":"2024-07-24T14:17:17","slug":"armoire-combine-a5v","status":"publish","type":"product","link":"https:\/\/greentelemesure.com\/index.php\/produit\/armoire-combine-a5v\/","title":{"rendered":"Armoire combin\u00e9 &#8211; A5V"},"content":{"rendered":"<p><strong>Avantages :<\/strong><\/p>\n<p>\u2022 Hautes performances m\u00e9caniques et chimiques<br \/>\n\u2022 Con\u00e7ue pour l\u2019utilisation intensive en laboratoire<br \/>\n\u2022 Surface hygi\u00e9nique<br \/>\n\u2022 Longue dur\u00e9e de vie<\/p>\n","protected":false},"excerpt":{"rendered":"<p><span class=\"fontstyle0\">Armoire combin\u00e9e de couleur blanche, En MDF hydrofuge avec fa\u00e7ade en MDF high Gloss,<br \/>\nLe placard est compos\u00e9 de cinq compartiments de 75 cm de longueur.<\/span><\/p>\n<p><span class=\"fontstyle0\"><br \/>\nLa partie haute de l\u2019armoire est compos\u00e9e de deux portes vitr\u00e9es battantes d\u2019une hauteur de 1,1m.<br \/>\nLa partie basse de l\u2019armoire est compos\u00e9e de deux portes battantes, de 1,23m de hauteur.<\/span><\/p>\n<p><span class=\"fontstyle0\"><br \/>\nToutes les portes sont dispos\u00e9es des poign\u00e9es en acier inoxydable r\u00e9sistant \u00e0 la corrosion.<\/span><\/p>\n","protected":false},"featured_media":9319,"comment_status":"closed","ping_status":"closed","template":"","meta":[],"product_cat":[76],"product_tag":[],"_links":{"self":[{"href":"https:\/\/greentelemesure.com\/index.php\/wp-json\/wp\/v3\/product\/9300"}],"collection":[{"href":"https:\/\/greentelemesure.com\/index.php\/wp-json\/wp\/v3\/product"}],"about":[{"href":"https:\/\/greentelemesure.com\/index.php\/wp-json\/wp\/v2\/types\/product"}],"replies":[{"embeddable":true,"href":"https:\/\/greentelemesure.com\/index.php\/wp-json\/wp\/v2\/comments?post=9300"}],"wp:featuredmedia":[{"embeddable":true,"href":"https:\/\/greentelemesure.com\/index.php\/wp-json\/wp\/v2\/media\/9319"}],"wp:attachment":[{"href":"https:\/\/greentelemesure.com\/index.php\/wp-json\/wp\/v2\/media?parent=9300"}],"wp:term":[{"taxonomy":"product_cat","embeddable":true,"href":"https:\/\/greentelemesure.com\/index.php\/wp-json\/wp\/v2\/product_cat?post=9300"},{"taxonomy":"product_tag","embeddable":true,"href":"https:\/\/greentelemesure.com\/index.php\/wp-json\/wp\/v2\/product_tag?post=9300"}],"curies":[{"name":"wp","href":"https:\/\/api.w.org\/{rel}","templated":true}]}}