{"id":9313,"date":"2024-07-24T14:33:58","date_gmt":"2024-07-24T13:33:58","guid":{"rendered":"https:\/\/greentelemesure.com\/?post_type=product&#038;p=9313"},"modified":"2024-07-24T15:14:47","modified_gmt":"2024-07-24T14:14:47","slug":"bras-daspiration-ba1","status":"publish","type":"product","link":"https:\/\/greentelemesure.com\/index.php\/produit\/bras-daspiration-ba1\/","title":{"rendered":"Bras d\u2019aspiration -BA1"},"content":{"rendered":"","protected":false},"excerpt":{"rendered":"<p><span class=\"fontstyle0\">Bras d\u2019aspiration Indispensable aux laboratoires, ils permettent l\u2019aspiration des fum\u00e9es et vapeurs corrosives au plus pr\u00e8s du point d\u2019\u00e9mission.<br \/>\nLe bras est compos\u00e9 de t\u00f4le En alliage d&rsquo;aluminium de diam\u00e8tre 75mm avec des joint blanc et une hotte \u00e0<br \/>\nd\u00f4me transparent.<br \/>\nIl permet une diminution de pression et des nuisances sonores avec une grande flexibilit\u00e9, gr\u00e2ce aux articulations \u00e0 frottement<br \/>\nen propyl\u00e8ne et un pivot int\u00e9gral permettant une rotation sur 360\u00b0.<\/span><\/p>\n","protected":false},"featured_media":9320,"comment_status":"closed","ping_status":"closed","template":"","meta":[],"product_cat":[76],"product_tag":[],"_links":{"self":[{"href":"https:\/\/greentelemesure.com\/index.php\/wp-json\/wp\/v3\/product\/9313"}],"collection":[{"href":"https:\/\/greentelemesure.com\/index.php\/wp-json\/wp\/v3\/product"}],"about":[{"href":"https:\/\/greentelemesure.com\/index.php\/wp-json\/wp\/v2\/types\/product"}],"replies":[{"embeddable":true,"href":"https:\/\/greentelemesure.com\/index.php\/wp-json\/wp\/v2\/comments?post=9313"}],"wp:featuredmedia":[{"embeddable":true,"href":"https:\/\/greentelemesure.com\/index.php\/wp-json\/wp\/v2\/media\/9320"}],"wp:attachment":[{"href":"https:\/\/greentelemesure.com\/index.php\/wp-json\/wp\/v2\/media?parent=9313"}],"wp:term":[{"taxonomy":"product_cat","embeddable":true,"href":"https:\/\/greentelemesure.com\/index.php\/wp-json\/wp\/v2\/product_cat?post=9313"},{"taxonomy":"product_tag","embeddable":true,"href":"https:\/\/greentelemesure.com\/index.php\/wp-json\/wp\/v2\/product_tag?post=9313"}],"curies":[{"name":"wp","href":"https:\/\/api.w.org\/{rel}","templated":true}]}}