{"id":9314,"date":"2024-07-24T14:41:33","date_gmt":"2024-07-24T13:41:33","guid":{"rendered":"https:\/\/greentelemesure.com\/?post_type=product&#038;p=9314"},"modified":"2024-07-24T15:13:44","modified_gmt":"2024-07-24T14:13:44","slug":"caisson-a-tiroirs-c4t","status":"publish","type":"product","link":"https:\/\/greentelemesure.com\/index.php\/produit\/caisson-a-tiroirs-c4t\/","title":{"rendered":"Caisson \u00e0 tiroirs-C4T"},"content":{"rendered":"","protected":false},"excerpt":{"rendered":"<p><span class=\"fontstyle0\">Caisson \u00e0 tiroirs tr\u00e8s pratique et esth\u00e9tique pour utilisation en laboratoire, meubl\u00e9 sous paillasse, de couleur blanche, en MDF 18mm.<br \/>\nCe caisson est mobile sur des roulettes avec quatre tiroirs coulissant hydraulique en high gloss. Il est dot\u00e9 des poign\u00e9es en acier inoxydable et des serrures.<\/span><\/p>\n","protected":false},"featured_media":9321,"comment_status":"closed","ping_status":"closed","template":"","meta":[],"product_cat":[76],"product_tag":[],"_links":{"self":[{"href":"https:\/\/greentelemesure.com\/index.php\/wp-json\/wp\/v3\/product\/9314"}],"collection":[{"href":"https:\/\/greentelemesure.com\/index.php\/wp-json\/wp\/v3\/product"}],"about":[{"href":"https:\/\/greentelemesure.com\/index.php\/wp-json\/wp\/v2\/types\/product"}],"replies":[{"embeddable":true,"href":"https:\/\/greentelemesure.com\/index.php\/wp-json\/wp\/v2\/comments?post=9314"}],"wp:featuredmedia":[{"embeddable":true,"href":"https:\/\/greentelemesure.com\/index.php\/wp-json\/wp\/v2\/media\/9321"}],"wp:attachment":[{"href":"https:\/\/greentelemesure.com\/index.php\/wp-json\/wp\/v2\/media?parent=9314"}],"wp:term":[{"taxonomy":"product_cat","embeddable":true,"href":"https:\/\/greentelemesure.com\/index.php\/wp-json\/wp\/v2\/product_cat?post=9314"},{"taxonomy":"product_tag","embeddable":true,"href":"https:\/\/greentelemesure.com\/index.php\/wp-json\/wp\/v2\/product_tag?post=9314"}],"curies":[{"name":"wp","href":"https:\/\/api.w.org\/{rel}","templated":true}]}}