{"id":9317,"date":"2024-07-24T14:58:42","date_gmt":"2024-07-24T13:58:42","guid":{"rendered":"https:\/\/greentelemesure.com\/?post_type=product&#038;p=9317"},"modified":"2024-07-24T15:08:40","modified_gmt":"2024-07-24T14:08:40","slug":"egouttoir-de-verrerie-eg52","status":"publish","type":"product","link":"https:\/\/greentelemesure.com\/index.php\/produit\/egouttoir-de-verrerie-eg52\/","title":{"rendered":"\u00c9gouttoir de verrerie EG52"},"content":{"rendered":"<h4><strong>Accessoires<\/strong><\/h4>\n<ul>\n<li style=\"list-style-type: none;\">\n<ul>\n<li><span class=\"fontstyle0\">\u00a0&#8211; Crochets amovibles<br \/>\n&#8211; Kit de drainage (raccord + tuyau)<\/span><\/li>\n<\/ul>\n<\/li>\n<\/ul>\n","protected":false},"excerpt":{"rendered":"<p><span class=\"fontstyle0\">\u00c9gouttoir pour verrerie de laboratoire en high grade PP, r\u00e9sistant \u00e0 l&rsquo;acide et \u00e0 la corrosion, et sa construction robuste assure une capacit\u00e9 de charge \u00e9lev\u00e9e et une stabilit\u00e9 exceptionnelle. Il est antirouille et anti-\u00e9caillement.<br \/>\nCet \u00e9gouttoir Contient 52 positions sur une seule fa\u00e7ade, de couleur grise, avec goutti\u00e8re de r\u00e9cup\u00e9- ration d&rsquo;eau qui dirige le liquide dans le tuyau de drainage<\/span><\/p>\n","protected":false},"featured_media":9325,"comment_status":"closed","ping_status":"closed","template":"","meta":[],"product_cat":[76],"product_tag":[],"_links":{"self":[{"href":"https:\/\/greentelemesure.com\/index.php\/wp-json\/wp\/v3\/product\/9317"}],"collection":[{"href":"https:\/\/greentelemesure.com\/index.php\/wp-json\/wp\/v3\/product"}],"about":[{"href":"https:\/\/greentelemesure.com\/index.php\/wp-json\/wp\/v2\/types\/product"}],"replies":[{"embeddable":true,"href":"https:\/\/greentelemesure.com\/index.php\/wp-json\/wp\/v2\/comments?post=9317"}],"wp:featuredmedia":[{"embeddable":true,"href":"https:\/\/greentelemesure.com\/index.php\/wp-json\/wp\/v2\/media\/9325"}],"wp:attachment":[{"href":"https:\/\/greentelemesure.com\/index.php\/wp-json\/wp\/v2\/media?parent=9317"}],"wp:term":[{"taxonomy":"product_cat","embeddable":true,"href":"https:\/\/greentelemesure.com\/index.php\/wp-json\/wp\/v2\/product_cat?post=9317"},{"taxonomy":"product_tag","embeddable":true,"href":"https:\/\/greentelemesure.com\/index.php\/wp-json\/wp\/v2\/product_tag?post=9317"}],"curies":[{"name":"wp","href":"https:\/\/api.w.org\/{rel}","templated":true}]}}