{"id":9335,"date":"2024-07-24T15:33:25","date_gmt":"2024-07-24T14:33:25","guid":{"rendered":"https:\/\/greentelemesure.com\/?post_type=product&#038;p=9335"},"modified":"2024-07-24T15:41:03","modified_gmt":"2024-07-24T14:41:03","slug":"paillasse-en-u-pu300","status":"publish","type":"product","link":"https:\/\/greentelemesure.com\/index.php\/produit\/paillasse-en-u-pu300\/","title":{"rendered":"Paillasse en U -PU300"},"content":{"rendered":"<p><span class=\"fontstyle0\">&#8211; Hautes performances m\u00e9caniques et chimiques<br \/>\n&#8211; Con\u00e7ue pour l\u2019utilisation intensive en laboratoire<br \/>\n&#8211; Surface hygi\u00e9nique<br \/>\n&#8211; Longue dur\u00e9e de vie<\/span><\/p>\n","protected":false},"excerpt":{"rendered":"<p><span class=\"fontstyle0\">Paillasse Id\u00e9al pour tous types de laboratoires ; dot\u00e9e d\u2019un rev\u00eatement en r\u00e9sine ph\u00e9nolique de<br \/>\ncouleur gris clair.<\/span><\/p>\n<p><span class=\"fontstyle0\">La Surface du paillasse est hygi\u00e9nique antistatique, antibact\u00e9rienne, lisse, non poreuse avec r\u00e9sistance au nettoyage et \u00e0 la d\u00e9contamination ainsi qu\u2019aux effets de vieillissement provoqu\u00e9s par la lumi\u00e8re, et peut \u00eatre utilis\u00e9e comme surface d\u2019appui pour instruments de laboratoire et montage.<br \/>\nLa paillasse est dot\u00e9e de pi\u00e8tement m\u00e9tallique en C, \u00e0 construction en tube 40*60mm prot\u00e9g\u00e9 par r\u00e9sine \u00e9poxy cuite au four de couleur blanche d\u2019une haute r\u00e9sistance \u00e0 la corrosion, l\u2019impact et l\u2019abrasion avec cache fluides ouvrable pour faciliter la maintenance technique.<br \/>\nPaillasse construite en conformit\u00e9 avec la norme EN13150 :2001 \u00ab Paillasse de laboratoire \u00bb Profondeur= 750mm et Hauteur=85 \u00e0 90cm<br \/>\n<\/span><\/p>\n","protected":false},"featured_media":9327,"comment_status":"closed","ping_status":"closed","template":"","meta":[],"product_cat":[76],"product_tag":[],"_links":{"self":[{"href":"https:\/\/greentelemesure.com\/index.php\/wp-json\/wp\/v3\/product\/9335"}],"collection":[{"href":"https:\/\/greentelemesure.com\/index.php\/wp-json\/wp\/v3\/product"}],"about":[{"href":"https:\/\/greentelemesure.com\/index.php\/wp-json\/wp\/v2\/types\/product"}],"replies":[{"embeddable":true,"href":"https:\/\/greentelemesure.com\/index.php\/wp-json\/wp\/v2\/comments?post=9335"}],"wp:featuredmedia":[{"embeddable":true,"href":"https:\/\/greentelemesure.com\/index.php\/wp-json\/wp\/v2\/media\/9327"}],"wp:attachment":[{"href":"https:\/\/greentelemesure.com\/index.php\/wp-json\/wp\/v2\/media?parent=9335"}],"wp:term":[{"taxonomy":"product_cat","embeddable":true,"href":"https:\/\/greentelemesure.com\/index.php\/wp-json\/wp\/v2\/product_cat?post=9335"},{"taxonomy":"product_tag","embeddable":true,"href":"https:\/\/greentelemesure.com\/index.php\/wp-json\/wp\/v2\/product_tag?post=9335"}],"curies":[{"name":"wp","href":"https:\/\/api.w.org\/{rel}","templated":true}]}}