{"id":9338,"date":"2024-07-24T15:49:37","date_gmt":"2024-07-24T14:49:37","guid":{"rendered":"https:\/\/greentelemesure.com\/?post_type=product&#038;p=9338"},"modified":"2024-07-24T16:23:08","modified_gmt":"2024-07-24T15:23:08","slug":"paillasse-laterale-en-l-pl388","status":"publish","type":"product","link":"https:\/\/greentelemesure.com\/index.php\/produit\/paillasse-laterale-en-l-pl388\/","title":{"rendered":"Paillasse lat\u00e9rale en l -PL388"},"content":{"rendered":"<p><span class=\"fontstyle0\">\u2022 Hautes performances m\u00e9caniques et chimiques<br \/>\n\u2022 Con\u00e7ue pour l\u2019utilisation intensive en laboratoire<br \/>\n\u2022 Surface hygi\u00e9nique<br \/>\n\u2022 Longue dur\u00e9e de vie<\/span><\/p>\n","protected":false},"excerpt":{"rendered":"<p><span class=\"fontstyle0\">Paillasse Id\u00e9al pour tous types de laboratoires ;<br \/>\ndot\u00e9e d\u2019un rev\u00eatement en r\u00e9sine ph\u00e9nolique de couleur gris clair.<br \/>\nLa Surface du paillasse est hygi\u00e9nique antistatique,<br \/>\nantibact\u00e9rienne, lisse, non poreuse avec r\u00e9sistance<br \/>\nau nettoyage et \u00e0 la d\u00e9contamination ainsi qu\u2019aux<br \/>\neffets de vieillissement provoqu\u00e9s par la lumi\u00e8re,<\/span> <span class=\"fontstyle0\">et peut \u00eatre utilis\u00e9e comme surface d\u2019appui pour instruments de laboratoire et<br \/>\nmontage.<br \/>\nLa paillasse est dot\u00e9e de pi\u00e8tement m\u00e9tallique en C, \u00e0 construction en tube<br \/>\n40*60mm prot\u00e9g\u00e9 par r\u00e9sine \u00e9poxy cuite au four de couleur blanche d\u2019une haute<br \/>\nr\u00e9sistance \u00e0 la corrosion, l\u2019impact et l\u2019abrasion avec cache fluides ouvrable pour<br \/>\nfaciliter la maintenance technique.<br \/>\nPaillasse construite en conformit\u00e9 avec la norme EN13150 :2001 \u00ab Paillasse de laboratoire \u00bb Profondeur= 750mm et Hauteur=85 \u00e0 90cm<\/span><\/p>\n","protected":false},"featured_media":9332,"comment_status":"closed","ping_status":"closed","template":"","meta":[],"product_cat":[76],"product_tag":[],"_links":{"self":[{"href":"https:\/\/greentelemesure.com\/index.php\/wp-json\/wp\/v3\/product\/9338"}],"collection":[{"href":"https:\/\/greentelemesure.com\/index.php\/wp-json\/wp\/v3\/product"}],"about":[{"href":"https:\/\/greentelemesure.com\/index.php\/wp-json\/wp\/v2\/types\/product"}],"replies":[{"embeddable":true,"href":"https:\/\/greentelemesure.com\/index.php\/wp-json\/wp\/v2\/comments?post=9338"}],"wp:featuredmedia":[{"embeddable":true,"href":"https:\/\/greentelemesure.com\/index.php\/wp-json\/wp\/v2\/media\/9332"}],"wp:attachment":[{"href":"https:\/\/greentelemesure.com\/index.php\/wp-json\/wp\/v2\/media?parent=9338"}],"wp:term":[{"taxonomy":"product_cat","embeddable":true,"href":"https:\/\/greentelemesure.com\/index.php\/wp-json\/wp\/v2\/product_cat?post=9338"},{"taxonomy":"product_tag","embeddable":true,"href":"https:\/\/greentelemesure.com\/index.php\/wp-json\/wp\/v2\/product_tag?post=9338"}],"curies":[{"name":"wp","href":"https:\/\/api.w.org\/{rel}","templated":true}]}}