{"id":9339,"date":"2024-07-24T15:52:49","date_gmt":"2024-07-24T14:52:49","guid":{"rendered":"https:\/\/greentelemesure.com\/?post_type=product&#038;p=9339"},"modified":"2024-07-24T15:54:21","modified_gmt":"2024-07-24T14:54:21","slug":"placard-mural-pv4","status":"publish","type":"product","link":"https:\/\/greentelemesure.com\/index.php\/produit\/placard-mural-pv4\/","title":{"rendered":"Placard mural PV4"},"content":{"rendered":"","protected":false},"excerpt":{"rendered":"<p><span class=\"fontstyle0\">Placard mural fabriqu\u00e9 en MDF hydrofuge, assurant une r\u00e9sistance optimale \u00e0 l&rsquo;humidit\u00e9 et aux<br \/>\nconditions exigeantes d&rsquo;un laboratoire.<br \/>\nLa fa\u00e7ade est r\u00e9alis\u00e9e en MDF high gloss, offrant<br \/>\nune finition lisse et brillante qui conf\u00e8re un aspect<br \/>\nmoderne et \u00e9l\u00e9gant au placard et facilite \u00e9galement son nettoyage et entretien.<br \/>\nCe placard est dot\u00e9 d\u2019un support lat\u00e9ral et des portes vitr\u00e9es facilitant ainsi l&rsquo;identification rapide des articles stock\u00e9s tout en maintenant un environnement ordonn\u00e9 et s\u00e9curis\u00e9.<br \/>\nLe placard est divis\u00e9 en 4 compartiments de 74 cm de longueur avec deux portes<br \/>\nbattantes et des poign\u00e9es sont en acier inoxydable r\u00e9sistantes \u00e0 la corrosion et<br \/>\nrobuste<\/span><\/p>\n","protected":false},"featured_media":9330,"comment_status":"closed","ping_status":"closed","template":"","meta":[],"product_cat":[76],"product_tag":[],"_links":{"self":[{"href":"https:\/\/greentelemesure.com\/index.php\/wp-json\/wp\/v3\/product\/9339"}],"collection":[{"href":"https:\/\/greentelemesure.com\/index.php\/wp-json\/wp\/v3\/product"}],"about":[{"href":"https:\/\/greentelemesure.com\/index.php\/wp-json\/wp\/v2\/types\/product"}],"replies":[{"embeddable":true,"href":"https:\/\/greentelemesure.com\/index.php\/wp-json\/wp\/v2\/comments?post=9339"}],"wp:featuredmedia":[{"embeddable":true,"href":"https:\/\/greentelemesure.com\/index.php\/wp-json\/wp\/v2\/media\/9330"}],"wp:attachment":[{"href":"https:\/\/greentelemesure.com\/index.php\/wp-json\/wp\/v2\/media?parent=9339"}],"wp:term":[{"taxonomy":"product_cat","embeddable":true,"href":"https:\/\/greentelemesure.com\/index.php\/wp-json\/wp\/v2\/product_cat?post=9339"},{"taxonomy":"product_tag","embeddable":true,"href":"https:\/\/greentelemesure.com\/index.php\/wp-json\/wp\/v2\/product_tag?post=9339"}],"curies":[{"name":"wp","href":"https:\/\/api.w.org\/{rel}","templated":true}]}}