{"id":9340,"date":"2024-07-24T15:52:52","date_gmt":"2024-07-24T14:52:52","guid":{"rendered":"https:\/\/greentelemesure.com\/?post_type=product&#038;p=9340"},"modified":"2024-07-24T15:55:10","modified_gmt":"2024-07-24T14:55:10","slug":"rince-oeil-rr1","status":"publish","type":"product","link":"https:\/\/greentelemesure.com\/index.php\/produit\/rince-oeil-rr1\/","title":{"rendered":"Rince oeil -RR1"},"content":{"rendered":"","protected":false},"excerpt":{"rendered":"<p><span class=\"fontstyle0\">Douchette double de couleur rouge \u00e0 45 degr\u00e9s<br \/>\nextractible en PP associ\u00e9 \u00e0 un corp et une vanne en<br \/>\nlaiton trait\u00e9s avec une peinture \u00e9poxy haute<br \/>\nbrillance, r\u00e9sistant \u00e0 la corrosion, \u00e0 la d\u00e9coloration<br \/>\npar les UV et \u00e0 la chaleur.<br \/>\nLes \u0153ill\u00e8res sont en caoutchouc souples anallergiques avec bouchons anti-poussi\u00e8re et<br \/>\npermettent d&rsquo;intervenir rapidement et en toute<br \/>\ns\u00e9curit\u00e9 en cas d&rsquo;incident<\/span><\/p>\n","protected":false},"featured_media":9331,"comment_status":"closed","ping_status":"closed","template":"","meta":[],"product_cat":[76],"product_tag":[],"_links":{"self":[{"href":"https:\/\/greentelemesure.com\/index.php\/wp-json\/wp\/v3\/product\/9340"}],"collection":[{"href":"https:\/\/greentelemesure.com\/index.php\/wp-json\/wp\/v3\/product"}],"about":[{"href":"https:\/\/greentelemesure.com\/index.php\/wp-json\/wp\/v2\/types\/product"}],"replies":[{"embeddable":true,"href":"https:\/\/greentelemesure.com\/index.php\/wp-json\/wp\/v2\/comments?post=9340"}],"wp:featuredmedia":[{"embeddable":true,"href":"https:\/\/greentelemesure.com\/index.php\/wp-json\/wp\/v2\/media\/9331"}],"wp:attachment":[{"href":"https:\/\/greentelemesure.com\/index.php\/wp-json\/wp\/v2\/media?parent=9340"}],"wp:term":[{"taxonomy":"product_cat","embeddable":true,"href":"https:\/\/greentelemesure.com\/index.php\/wp-json\/wp\/v2\/product_cat?post=9340"},{"taxonomy":"product_tag","embeddable":true,"href":"https:\/\/greentelemesure.com\/index.php\/wp-json\/wp\/v2\/product_tag?post=9340"}],"curies":[{"name":"wp","href":"https:\/\/api.w.org\/{rel}","templated":true}]}}