{"id":9342,"date":"2024-07-24T15:57:56","date_gmt":"2024-07-24T14:57:56","guid":{"rendered":"https:\/\/greentelemesure.com\/?post_type=product&#038;p=9342"},"modified":"2024-07-24T15:59:51","modified_gmt":"2024-07-24T14:59:51","slug":"tige-dagitation-o-8-mm-pour-agitateur-a-pale-en-acier-inoxydable-316l-ou-avec-revetement-en-ptfe","status":"publish","type":"product","link":"https:\/\/greentelemesure.com\/index.php\/produit\/tige-dagitation-o-8-mm-pour-agitateur-a-pale-en-acier-inoxydable-316l-ou-avec-revetement-en-ptfe\/","title":{"rendered":"Tige d\u2019agitation (\u00d8 8 mm) pour agitateur \u00e0 pale ; en acier inoxydable 316L ou avec rev\u00eatement en PTFE"},"content":{"rendered":"<p><span class=\"fontstyle0\">&#8211; Pales droites : <\/span><span class=\"fontstyle2\">pour des \u00e9chantillons de faible<br \/>\nviscosit\u00e9 \u00e0 des vitesses moyennes et \u00e9lev\u00e9es,<br \/>\n<\/span><span class=\"fontstyle0\">&#8211; Pales De centrifugation : <\/span><span class=\"fontstyle2\">pour des \u00e9chantillons<br \/>\ndans des r\u00e9cipients ronds avec un col \u00e9troit \u00e0 des<br \/>\nvitesses moyennes et \u00e9lev\u00e9es ;<br \/>\n<\/span><span class=\"fontstyle0\">&#8211; Pales En croix : <\/span><span class=\"fontstyle2\">pour des vitesses moyennes e<br \/>\n\u00e9lev\u00e9es<br \/>\n<\/span><span class=\"fontstyle0\">&#8211; Pales Larges : <\/span><span class=\"fontstyle2\">id\u00e9ales pour des \u00e9chantillons<br \/>\nn\u00e9cessitant un processus doux \u00e0 des vitesses faibles<br \/>\net moyennes<\/span><\/p>\n","protected":false},"excerpt":{"rendered":"<p>&#8211; Pales droites : pour des \u00e9chantillons de faible viscosit\u00e9 \u00e0 des vitesses moyennes et [&hellip;]<\/p>\n","protected":false},"featured_media":9308,"comment_status":"closed","ping_status":"closed","template":"","meta":[],"product_cat":[76],"product_tag":[],"_links":{"self":[{"href":"https:\/\/greentelemesure.com\/index.php\/wp-json\/wp\/v3\/product\/9342"}],"collection":[{"href":"https:\/\/greentelemesure.com\/index.php\/wp-json\/wp\/v3\/product"}],"about":[{"href":"https:\/\/greentelemesure.com\/index.php\/wp-json\/wp\/v2\/types\/product"}],"replies":[{"embeddable":true,"href":"https:\/\/greentelemesure.com\/index.php\/wp-json\/wp\/v2\/comments?post=9342"}],"wp:featuredmedia":[{"embeddable":true,"href":"https:\/\/greentelemesure.com\/index.php\/wp-json\/wp\/v2\/media\/9308"}],"wp:attachment":[{"href":"https:\/\/greentelemesure.com\/index.php\/wp-json\/wp\/v2\/media?parent=9342"}],"wp:term":[{"taxonomy":"product_cat","embeddable":true,"href":"https:\/\/greentelemesure.com\/index.php\/wp-json\/wp\/v2\/product_cat?post=9342"},{"taxonomy":"product_tag","embeddable":true,"href":"https:\/\/greentelemesure.com\/index.php\/wp-json\/wp\/v2\/product_tag?post=9342"}],"curies":[{"name":"wp","href":"https:\/\/api.w.org\/{rel}","templated":true}]}}