{"id":9345,"date":"2024-07-24T16:02:04","date_gmt":"2024-07-24T15:02:04","guid":{"rendered":"https:\/\/greentelemesure.com\/?post_type=product&#038;p=9345"},"modified":"2024-07-24T16:34:53","modified_gmt":"2024-07-24T15:34:53","slug":"balance-analytique-220g","status":"publish","type":"product","link":"https:\/\/greentelemesure.com\/index.php\/produit\/balance-analytique-220g\/","title":{"rendered":"Balance analytique 220g"},"content":{"rendered":"<p><span class=\"fontstyle0\">&#8211; Port\u00e9e maximale : 220 g<br \/>\n&#8211; Pr\u00e9cision d\u2019affichage : 0,1 mg<br \/>\n&#8211; Taille du plateau : 90 mm<br \/>\n&#8211; Communication RS232<br \/>\n&#8211; Dimensions : 317 mm x 303 mm x 201 mm (LxHxL)<br \/>\n&#8211; Afficheur : LCD r\u00e9tro\u00e9clair\u00e9<br \/>\n&#8211; Lin\u00e9arit\u00e9 \u00b1 0,0002 g<br \/>\n&#8211; Poids net : 4,5 kg<br \/>\n&#8211; Plateau : Acier inoxydable<br \/>\n&#8211; Construction : Ch\u00e2ssis sup\u00e9rieur ABS, plateau en acier inoxydable amovible, pare-brise amovible en verre avec porte sup\u00e9rieure coulissante, crochet de pes\u00e9e int\u00e9gr\u00e9 sous la balance, support de protection, verrouillage d&rsquo;\u00e9talonnage<br \/>\n&#8211; Alimentation : Adaptateur secteur (inclus)<br \/>\nR\u00e9p\u00e9tabilit\u00e9, standard 0,0001 g<br \/>\n&#8211; Temps de stabilisation : 3 s<br \/>\n&#8211; Plage de tare : Soustractive sur toute la gamme<br \/>\n&#8211; Unit\u00e9s de mesure : Milligram; Pennyweight; Once troy; Newton; Tael de Ta\u00efwan; Gramme; Grain; Once; Carat; Personnalis\u00e9<\/span><\/p>\n","protected":false},"excerpt":{"rendered":"<p>&#8211; Port\u00e9e maximale : 220 g &#8211; Pr\u00e9cision d\u2019affichage : 0,1 mg &#8211; Taille du [&hellip;]<\/p>\n","protected":false},"featured_media":9306,"comment_status":"closed","ping_status":"closed","template":"","meta":[],"product_cat":[76],"product_tag":[],"_links":{"self":[{"href":"https:\/\/greentelemesure.com\/index.php\/wp-json\/wp\/v3\/product\/9345"}],"collection":[{"href":"https:\/\/greentelemesure.com\/index.php\/wp-json\/wp\/v3\/product"}],"about":[{"href":"https:\/\/greentelemesure.com\/index.php\/wp-json\/wp\/v2\/types\/product"}],"replies":[{"embeddable":true,"href":"https:\/\/greentelemesure.com\/index.php\/wp-json\/wp\/v2\/comments?post=9345"}],"wp:featuredmedia":[{"embeddable":true,"href":"https:\/\/greentelemesure.com\/index.php\/wp-json\/wp\/v2\/media\/9306"}],"wp:attachment":[{"href":"https:\/\/greentelemesure.com\/index.php\/wp-json\/wp\/v2\/media?parent=9345"}],"wp:term":[{"taxonomy":"product_cat","embeddable":true,"href":"https:\/\/greentelemesure.com\/index.php\/wp-json\/wp\/v2\/product_cat?post=9345"},{"taxonomy":"product_tag","embeddable":true,"href":"https:\/\/greentelemesure.com\/index.php\/wp-json\/wp\/v2\/product_tag?post=9345"}],"curies":[{"name":"wp","href":"https:\/\/api.w.org\/{rel}","templated":true}]}}