{"id":9346,"date":"2024-07-24T16:02:35","date_gmt":"2024-07-24T15:02:35","guid":{"rendered":"https:\/\/greentelemesure.com\/?post_type=product&#038;p=9346"},"modified":"2024-07-24T16:05:35","modified_gmt":"2024-07-24T15:05:35","slug":"broyeur-1kg-a-balancoice-en-inox","status":"publish","type":"product","link":"https:\/\/greentelemesure.com\/index.php\/produit\/broyeur-1kg-a-balancoice-en-inox\/","title":{"rendered":"Broyeur 1Kg \u00e0 balan\u00e7oice en inox"},"content":{"rendered":"<p><span class=\"fontstyle0\">&#8211; Capacit\u00e9 : 1000g<br \/>\n&#8211; Vitesse de rotation du moteur : 000 28 tr\/min<br \/>\n&#8211; Tension : 220 V \/50Hz<br \/>\n&#8211; Puissance : 3000W<br \/>\n&#8211; Mode de commutation : interrupteur \u00e0 bouton r\u00e9glable<br \/>\n&#8211; Mat\u00e9riau du bac fracassant : acier inoxydable 304<br \/>\n&#8211; Temps de travail : 5-0 minutes<br \/>\n&#8211; Poids : environ 7 kg<br \/>\n&#8211; Temps d&rsquo;intervalle : 10minutes<\/span><\/p>\n","protected":false},"excerpt":{"rendered":"<p><span class=\"fontstyle0\">Machine \u00e0 poudre \u00e0 grande vitesse pour broyage de mat\u00e9riel v\u00e9g\u00e9tal,<br \/>\ngrains, Aliments Secs et C\u00e9r\u00e9ales. R\u00e9sistant aux acides et aux alcalis et \u00e0 la<br \/>\ncorrosion, Compartiment de la machine en acier inoxydable \u00e9pais, design<br \/>\npivotant \u00e0 270 \u00b0, avec indicateur de puissance, le corps est \u00e9quip\u00e9 d&rsquo;un<br \/>\ninterrupteur de protection contre les surcharges d&rsquo;air, prolonge la dur\u00e9e de<br \/>\nservice, minuterie de fonction de cadran, organise \u00e0 volont\u00e9 le temps de<br \/>\nbroyage.<br \/>\nLa machine est \u00e9quip\u00e9e d&rsquo;un moteur fin ultra-rapide et de roulements de<br \/>\nhaute qualit\u00e9. La longue lame combin\u00e9e \u00e0 la lame de corne fait des boucles<br \/>\nst\u00e9r\u00e9o. \u00c9crase rapidement tous les types de produits d\u00e9shydrat\u00e9s.<\/span><\/p>\n","protected":false},"featured_media":9307,"comment_status":"closed","ping_status":"closed","template":"","meta":[],"product_cat":[76],"product_tag":[],"_links":{"self":[{"href":"https:\/\/greentelemesure.com\/index.php\/wp-json\/wp\/v3\/product\/9346"}],"collection":[{"href":"https:\/\/greentelemesure.com\/index.php\/wp-json\/wp\/v3\/product"}],"about":[{"href":"https:\/\/greentelemesure.com\/index.php\/wp-json\/wp\/v2\/types\/product"}],"replies":[{"embeddable":true,"href":"https:\/\/greentelemesure.com\/index.php\/wp-json\/wp\/v2\/comments?post=9346"}],"wp:featuredmedia":[{"embeddable":true,"href":"https:\/\/greentelemesure.com\/index.php\/wp-json\/wp\/v2\/media\/9307"}],"wp:attachment":[{"href":"https:\/\/greentelemesure.com\/index.php\/wp-json\/wp\/v2\/media?parent=9346"}],"wp:term":[{"taxonomy":"product_cat","embeddable":true,"href":"https:\/\/greentelemesure.com\/index.php\/wp-json\/wp\/v2\/product_cat?post=9346"},{"taxonomy":"product_tag","embeddable":true,"href":"https:\/\/greentelemesure.com\/index.php\/wp-json\/wp\/v2\/product_tag?post=9346"}],"curies":[{"name":"wp","href":"https:\/\/api.w.org\/{rel}","templated":true}]}}