{"id":9350,"date":"2024-07-24T16:08:51","date_gmt":"2024-07-24T15:08:51","guid":{"rendered":"https:\/\/greentelemesure.com\/?post_type=product&#038;p=9350"},"modified":"2024-07-24T16:11:36","modified_gmt":"2024-07-24T15:11:36","slug":"chariot-de-laboratoire","status":"publish","type":"product","link":"https:\/\/greentelemesure.com\/index.php\/produit\/chariot-de-laboratoire\/","title":{"rendered":"Chariot de laboratoire"},"content":{"rendered":"<p>&#8211; <span class=\"fontstyle0\">Compos\u00e9 de 3 \u00e9tages, fabriqu\u00e9 en acier inoxydable avec 4<br \/>\nroulettes pivotantes dont 2 avec frein.<br \/>\n\u2022 Dimensions : L 845 x l 440 x H 885mm<br \/>\n\u2022 Poids max : 20 kg par tablette (\u00e9tage)<\/span><\/p>\n","protected":false},"excerpt":{"rendered":"<p>&#8211; Compos\u00e9 de 3 \u00e9tages, fabriqu\u00e9 en acier inoxydable avec 4 roulettes pivotantes dont 2 [&hellip;]<\/p>\n","protected":false},"featured_media":9311,"comment_status":"closed","ping_status":"closed","template":"","meta":[],"product_cat":[76],"product_tag":[],"_links":{"self":[{"href":"https:\/\/greentelemesure.com\/index.php\/wp-json\/wp\/v3\/product\/9350"}],"collection":[{"href":"https:\/\/greentelemesure.com\/index.php\/wp-json\/wp\/v3\/product"}],"about":[{"href":"https:\/\/greentelemesure.com\/index.php\/wp-json\/wp\/v2\/types\/product"}],"replies":[{"embeddable":true,"href":"https:\/\/greentelemesure.com\/index.php\/wp-json\/wp\/v2\/comments?post=9350"}],"wp:featuredmedia":[{"embeddable":true,"href":"https:\/\/greentelemesure.com\/index.php\/wp-json\/wp\/v2\/media\/9311"}],"wp:attachment":[{"href":"https:\/\/greentelemesure.com\/index.php\/wp-json\/wp\/v2\/media?parent=9350"}],"wp:term":[{"taxonomy":"product_cat","embeddable":true,"href":"https:\/\/greentelemesure.com\/index.php\/wp-json\/wp\/v2\/product_cat?post=9350"},{"taxonomy":"product_tag","embeddable":true,"href":"https:\/\/greentelemesure.com\/index.php\/wp-json\/wp\/v2\/product_tag?post=9350"}],"curies":[{"name":"wp","href":"https:\/\/api.w.org\/{rel}","templated":true}]}}