{"id":9366,"date":"2025-09-25T15:15:12","date_gmt":"2025-09-25T14:15:12","guid":{"rendered":"https:\/\/greentelemesure.com\/?post_type=product&#038;p=9366"},"modified":"2025-09-25T15:25:46","modified_gmt":"2025-09-25T14:25:46","slug":"paratonnerres-atige-simple","status":"publish","type":"product","link":"https:\/\/greentelemesure.com\/index.php\/produit\/paratonnerres-atige-simple\/","title":{"rendered":"Paratonnerres atige simple"},"content":{"rendered":"<p>Ils sont constitu\u00e9s d&rsquo;une pointe pleine en acier inoxydable tr\u00e8s effil\u00e9e (L = 0,20 m)<br \/>\nd&rsquo;une hampe en acier inoxydable (304L)<br \/>\nD 24\/30 mm et d&rsquo;un collier de raccordement.<\/p>\n","protected":false},"excerpt":{"rendered":"<p>Ils sont constitu\u00e9s d&rsquo;une pointe pleine en acier inoxydable tr\u00e8s effil\u00e9e (L = 0,20 m) [&hellip;]<\/p>\n","protected":false},"featured_media":9367,"comment_status":"closed","ping_status":"closed","template":"","meta":[],"product_cat":[64],"product_tag":[],"_links":{"self":[{"href":"https:\/\/greentelemesure.com\/index.php\/wp-json\/wp\/v3\/product\/9366"}],"collection":[{"href":"https:\/\/greentelemesure.com\/index.php\/wp-json\/wp\/v3\/product"}],"about":[{"href":"https:\/\/greentelemesure.com\/index.php\/wp-json\/wp\/v2\/types\/product"}],"replies":[{"embeddable":true,"href":"https:\/\/greentelemesure.com\/index.php\/wp-json\/wp\/v2\/comments?post=9366"}],"wp:featuredmedia":[{"embeddable":true,"href":"https:\/\/greentelemesure.com\/index.php\/wp-json\/wp\/v2\/media\/9367"}],"wp:attachment":[{"href":"https:\/\/greentelemesure.com\/index.php\/wp-json\/wp\/v2\/media?parent=9366"}],"wp:term":[{"taxonomy":"product_cat","embeddable":true,"href":"https:\/\/greentelemesure.com\/index.php\/wp-json\/wp\/v2\/product_cat?post=9366"},{"taxonomy":"product_tag","embeddable":true,"href":"https:\/\/greentelemesure.com\/index.php\/wp-json\/wp\/v2\/product_tag?post=9366"}],"curies":[{"name":"wp","href":"https:\/\/api.w.org\/{rel}","templated":true}]}}